{"id":2606,"date":"2025-07-14T15:28:58","date_gmt":"2025-07-14T12:28:58","guid":{"rendered":"https:\/\/rkeeper.us\/?page_id=2606"},"modified":"2025-07-22T12:10:34","modified_gmt":"2025-07-22T09:10:34","slug":"pos-kasseapparat","status":"publish","type":"page","link":"https:\/\/rkeeper.dk\/?page_id=2606","title":{"rendered":"POS\/Kasseapparat"},"content":{"rendered":"\t\t<div data-elementor-type=\"wp-page\" data-elementor-id=\"2606\" class=\"elementor elementor-2606 elementor-2181\" data-elementor-post-type=\"page\">\n\t\t\t\t<div class=\"elementor-element elementor-element-520b5700 e-flex e-con-boxed e-con e-parent\" data-id=\"520b5700\" data-element_type=\"container\" data-e-type=\"container\">\n\t\t\t\t\t<div class=\"e-con-inner\">\n\t\t\t\t<div class=\"elementor-element elementor-element-6e322089 elementor-widget elementor-widget-heading\" data-id=\"6e322089\" data-element_type=\"widget\" data-e-type=\"widget\" data-widget_type=\"heading.default\">\n\t\t\t\t<div class=\"elementor-widget-container\">\n\t\t\t\t\t<h3 class=\"elementor-heading-title elementor-size-default\">POS\/Kasseapparat<\/h3>\t\t\t\t<\/div>\n\t\t\t\t<\/div>\n\t\t\t\t<div class=\"elementor-element elementor-element-120f9b88 elementor-widget elementor-widget-text-editor\" data-id=\"120f9b88\" data-element_type=\"widget\" data-e-type=\"widget\" data-widget_type=\"text-editor.default\">\n\t\t\t\t<div class=\"elementor-widget-container\">\n\t\t\t\t\t\t\t\t\t<h2 id=\"POS-and-Cashdesk:-Power-at-Your-Fingertips-1\"><strong>POS og kassedisk: Power lige ved h\u00e5nden<\/strong><\/h2><h3 id=\"Smart-Intuitive-and-Built-for-Busy-Service-2\">Smart, intuitiv og bygget til travl service<\/h3><p>Uanset om du driver en tempofyldt QSR, en hyggelig caf\u00e9 eller en restaurant med flere afdelinger, er vores <strong>POS- og kassel\u00f8sning<\/strong> dit kommandocenter for alt. F\u00e5 hurtigere service, reducer fejl, administrer personale og lagerbeholdning, og gl\u00e6d dine g\u00e6ster &#8211; alt sammen fra \u00e9n elegant brugerflade. <\/p><p>Designet til performance. Bygget til skala. Elsket af personalet.  <\/p><hr><h3 id=\"Why-Our-POS-System-2\"><strong>Hvorfor vores POS-system?<\/strong><\/h3><p><img fetchpriority=\"high\" decoding=\"async\" class=\"alignright\" style=\"margin: 8px 8px 0px;\" src=\"https:\/\/img.perfectwiki.xyz\/insecure\/resize:fit:400\/aHR0cHM6Ly9zdG9yYWdlLmdvb2dsZWFwaXMuY29tL3BlcmZlY3Rfd2lraS9jMThmZTZmNy03MTRiLTQxMzItYmI1NC0zNTY0ODc3NWVkMGMvSmhLQW04VFpVUlJLSHhOZ0RUUmwvJUQwJUI4JUQwJUI3JUQwJUJFJUQwJUIxJUQxJTgwJUQwJUIwJUQwJUI2JUQwJUI1JUQwJUJEJUQwJUI4JUQwJUI1X2UzOWYyNWMyLWZmNDgtNGMyYy1iMjE3LTQ1Y2Q2ZTYyN2ExNS5wbmc.webp\" sizes=\"100vw\" srcset=\"https:\/\/img.perfectwiki.xyz\/insecure\/resize:fit:400\/aHR0cHM6Ly9zdG9yYWdlLmdvb2dsZWFwaXMuY29tL3BlcmZlY3Rfd2lraS9jMThmZTZmNy03MTRiLTQxMzItYmI1NC0zNTY0ODc3NWVkMGMvSmhLQW04VFpVUlJLSHhOZ0RUUmwvJUQwJUI4JUQwJUI3JUQwJUJFJUQwJUIxJUQxJTgwJUQwJUIwJUQwJUI2JUQwJUI1JUQwJUJEJUQwJUI4JUQwJUI1X2UzOWYyNWMyLWZmNDgtNGMyYy1iMjE3LTQ1Y2Q2ZTYyN2ExNS5wbmc.webp 400w, https:\/\/img.perfectwiki.xyz\/insecure\/resize:fit:800\/aHR0cHM6Ly9zdG9yYWdlLmdvb2dsZWFwaXMuY29tL3BlcmZlY3Rfd2lraS9jMThmZTZmNy03MTRiLTQxMzItYmI1NC0zNTY0ODc3NWVkMGMvSmhLQW04VFpVUlJLSHhOZ0RUUmwvJUQwJUI4JUQwJUI3JUQwJUJFJUQwJUIxJUQxJTgwJUQwJUIwJUQwJUI2JUQwJUI1JUQwJUJEJUQwJUI4JUQwJUI1X2UzOWYyNWMyLWZmNDgtNGMyYy1iMjE3LTQ1Y2Q2ZTYyN2ExNS5wbmc.webp 800w, https:\/\/img.perfectwiki.xyz\/insecure\/resize:fit:1200\/aHR0cHM6Ly9zdG9yYWdlLmdvb2dsZWFwaXMuY29tL3BlcmZlY3Rfd2lraS9jMThmZTZmNy03MTRiLTQxMzItYmI1NC0zNTY0ODc3NWVkMGMvSmhLQW04VFpVUlJLSHhOZ0RUUmwvJUQwJUI4JUQwJUI3JUQwJUJFJUQwJUIxJUQxJTgwJUQwJUIwJUQwJUI2JUQwJUI1JUQwJUJEJUQwJUI4JUQwJUI1X2UzOWYyNWMyLWZmNDgtNGMyYy1iMjE3LTQ1Y2Q2ZTYyN2ExNS5wbmc.webp 1200w, https:\/\/img.perfectwiki.xyz\/insecure\/aHR0cHM6Ly9zdG9yYWdlLmdvb2dsZWFwaXMuY29tL3BlcmZlY3Rfd2lraS9jMThmZTZmNy03MTRiLTQxMzItYmI1NC0zNTY0ODc3NWVkMGMvSmhLQW04VFpVUlJLSHhOZ0RUUmwvJUQwJUI4JUQwJUI3JUQwJUJFJUQwJUIxJUQxJTgwJUQwJUIwJUQwJUI2JUQwJUI1JUQwJUJEJUQwJUI4JUQwJUI1X2UzOWYyNWMyLWZmNDgtNGMyYy1iMjE3LTQ1Y2Q2ZTYyN2ExNS5wbmc.webp 1400w\" alt=\"produkter \/ 3 POS\/Cashdesk\" width=\"331\" height=\"220\"><\/p><p><strong>Lynhurtige transaktioner<\/strong><br>Ingen forsinkelse. Ingen ventetid. Tag imod bestillinger, del regninger og udskriv kvitteringer p\u00e5 f\u00e5 sekunder &#8211; selv i spidsbelastningsperioder.  <\/p><p><strong>Brugervenlig gr\u00e6nseflade<\/strong><br>Ingen stejl indl\u00e6ringskurve. Dine medarbejdere vil elske, hvor nemt det er at bruge &#8211; fra f\u00f8rste dag. <\/p><p><strong>Synkronisering i realtid<\/strong><br>Bestillinger fra kiosker, apps og web? Alt sammen synkroniseret med dit POS i realtid. Ingen dobbelth\u00e5ndtering, ingen fejl.  <\/p><p><strong>Sikre betalinger<\/strong><br>Accepter kort, mobilbetalinger, QR eller kontanter &#8211; alt sammen fuldt integreret med de bedste betalingsudbydere.<\/p><p> <strong>Fuld kontrol og analyse<\/strong><br>F\u00f8lg salget, personalets pr\u00e6stationer, de travleste timer, bestsellere &#8211; alt sammen p\u00e5 dit dashboard.<\/p><hr><h3 id=\"Key-Features-2\"><strong>Vigtige funktioner<\/strong><\/h3><p><strong><img decoding=\"async\" class=\"alignleft\" style=\"font-weight: 400;\" src=\"https:\/\/img.perfectwiki.xyz\/insecure\/resize:fit:400\/aHR0cHM6Ly9zdG9yYWdlLmdvb2dsZWFwaXMuY29tL3BlcmZlY3Rfd2lraS9jMThmZTZmNy03MTRiLTQxMzItYmI1NC0zNTY0ODc3NWVkMGMvSmhLQW04VFpVUlJLSHhOZ0RUUmwvJUQwJUI4JUQwJUI3JUQwJUJFJUQwJUIxJUQxJTgwJUQwJUIwJUQwJUI2JUQwJUI1JUQwJUJEJUQwJUI4JUQwJUI1X2E2MDI4ZGFmLTkwY2MtNDZiOC1hNDkyLWYwMzA5YTcyNGJhZC5wbmc.webp\" sizes=\"100vw\" srcset=\"https:\/\/img.perfectwiki.xyz\/insecure\/resize:fit:400\/aHR0cHM6Ly9zdG9yYWdlLmdvb2dsZWFwaXMuY29tL3BlcmZlY3Rfd2lraS9jMThmZTZmNy03MTRiLTQxMzItYmI1NC0zNTY0ODc3NWVkMGMvSmhLQW04VFpVUlJLSHhOZ0RUUmwvJUQwJUI4JUQwJUI3JUQwJUJFJUQwJUIxJUQxJTgwJUQwJUIwJUQwJUI2JUQwJUI1JUQwJUJEJUQwJUI4JUQwJUI1X2E2MDI4ZGFmLTkwY2MtNDZiOC1hNDkyLWYwMzA5YTcyNGJhZC5wbmc.webp 400w, https:\/\/img.perfectwiki.xyz\/insecure\/resize:fit:800\/aHR0cHM6Ly9zdG9yYWdlLmdvb2dsZWFwaXMuY29tL3BlcmZlY3Rfd2lraS9jMThmZTZmNy03MTRiLTQxMzItYmI1NC0zNTY0ODc3NWVkMGMvSmhLQW04VFpVUlJLSHhOZ0RUUmwvJUQwJUI4JUQwJUI3JUQwJUJFJUQwJUIxJUQxJTgwJUQwJUIwJUQwJUI2JUQwJUI1JUQwJUJEJUQwJUI4JUQwJUI1X2E2MDI4ZGFmLTkwY2MtNDZiOC1hNDkyLWYwMzA5YTcyNGJhZC5wbmc.webp 800w, https:\/\/img.perfectwiki.xyz\/insecure\/resize:fit:1200\/aHR0cHM6Ly9zdG9yYWdlLmdvb2dsZWFwaXMuY29tL3BlcmZlY3Rfd2lraS9jMThmZTZmNy03MTRiLTQxMzItYmI1NC0zNTY0ODc3NWVkMGMvSmhLQW04VFpVUlJLSHhOZ0RUUmwvJUQwJUI4JUQwJUI3JUQwJUJFJUQwJUIxJUQxJTgwJUQwJUIwJUQwJUI2JUQwJUI1JUQwJUJEJUQwJUI4JUQwJUI1X2E2MDI4ZGFmLTkwY2MtNDZiOC1hNDkyLWYwMzA5YTcyNGJhZC5wbmc.webp 1200w, https:\/\/img.perfectwiki.xyz\/insecure\/aHR0cHM6Ly9zdG9yYWdlLmdvb2dsZWFwaXMuY29tL3BlcmZlY3Rfd2lraS9jMThmZTZmNy03MTRiLTQxMzItYmI1NC0zNTY0ODc3NWVkMGMvSmhLQW04VFpVUlJLSHhOZ0RUUmwvJUQwJUI4JUQwJUI3JUQwJUJFJUQwJUIxJUQxJTgwJUQwJUIwJUQwJUI2JUQwJUI1JUQwJUJEJUQwJUI4JUQwJUI1X2E2MDI4ZGFmLTkwY2MtNDZiOC1hNDkyLWYwMzA5YTcyNGJhZC5wbmc.webp 1400w\" alt=\"produkter \/ 3 POS\/Cashdesk\" width=\"359\" height=\"239\">Mulighed for flere enheder<\/strong>: Brug som en station\u00e6r terminal eller en h\u00e5ndholdt tablet &#8211; eller begge dele.<\/p><p><strong>Nem menuadministration<\/strong>: Rediger varer, priser og kampagner p\u00e5 farten.<\/p><p><strong>Brugerdefinerede tilladelser<\/strong>: Indstil adgangsniveauer for personalet. Hold driften sikker. <\/p><p><strong>Offline-tilstand<\/strong>: Forts\u00e6t med at s\u00e6lge, selv n\u00e5r internettet er nede.<\/p><p><strong>Sk\u00e6rme til visning af kunder<\/strong>: Vis ordredetaljer og forslag til mersalg til g\u00e6sterne i realtid.<\/p><p><strong>\u00d8jeblikkelige rabatter og loyalitetsintegration<\/strong>: Anvend kampagnekoder og bel\u00f8nningsprogrammer direkte.<\/p><hr><h3 id=\"For-Every-Venue-Every-Style-2\"><strong>Til ethvert sted, enhver stil<\/strong><\/h3><p><strong>Pizzeriaer og fastfood<\/strong>: Hurtighed og pr\u00e6cision under travlhed.<br><strong>Caf\u00e9er og kaffebarer<\/strong>: Hurtig adgang, nemt mersalg.<br><strong>Fuldservice-restauranter<\/strong>: Bordkortl\u00e6gning, drikkepenge, h\u00e5ndtering af flere brugere.<\/p><hr><h3 id=\"What-You-Get-2\"><strong>Hvad du f\u00e5r<\/strong><\/h3><p>\u2714\ufe0f Hurtigere kassetider<br>\u2714\ufe0f F\u00e6rre personalefejl<br>\u2714\ufe0f Bedre rapportering<br>\u2714\ufe0f Gladere kunder<br>\u2714\ufe0f Centraliseret styring af flere lokationer<\/p><p>\u00d8g dit salg. Forenkle din arbejdsdag. V\u00e6kst med selvtillid.  <\/p><hr><p><strong>F\u00e5 hvert tryk til at t\u00e6lle<\/strong>.<br>Opgrader din kasseoplevelse med et POS-system, der arbejder lige s\u00e5 h\u00e5rdt, som du g\u00f8r.<\/p>\t\t\t\t\t\t\t\t<\/div>\n\t\t\t\t<\/div>\n\t\t\t\t<div class=\"elementor-element elementor-element-59aa025f elementor-align-center elementor-mobile-align-center elementor-widget elementor-widget-button\" data-id=\"59aa025f\" data-element_type=\"widget\" data-e-type=\"widget\" data-widget_type=\"button.default\">\n\t\t\t\t<div class=\"elementor-widget-container\">\n\t\t\t\t\t\t\t\t\t<div class=\"elementor-button-wrapper\">\n\t\t\t\t\t<a class=\"elementor-button elementor-button-link elementor-size-sm\" href=\"https:\/\/rkeeper.us\/?page_id=256\">\n\t\t\t\t\t\t<span class=\"elementor-button-content-wrapper\">\n\t\t\t\t\t\t\t\t\t<span class=\"elementor-button-text\">Kontakt os<\/span>\n\t\t\t\t\t<\/span>\n\t\t\t\t\t<\/a>\n\t\t\t\t<\/div>\n\t\t\t\t\t\t\t\t<\/div>\n\t\t\t\t<\/div>\n\t\t\t\t\t<\/div>\n\t\t\t\t<\/div>\n\t\t\t\t<\/div>\n\t\t","protected":false},"excerpt":{"rendered":"<p>POS\/Kasseapparat POS og kassedisk: Power lige ved h\u00e5nden Smart, intuitiv og bygget til travl service Uanset om du driver en tempofyldt QSR, en hyggelig caf\u00e9 eller en restaurant med flere afdelinger, er vores POS- og kassel\u00f8sning dit kommandocenter for alt. F\u00e5 hurtigere service, reducer fejl, administrer personale og lagerbeholdning, og gl\u00e6d dine g\u00e6ster &#8211; alt [&hellip;]<\/p>\n","protected":false},"author":1,"featured_media":0,"parent":0,"menu_order":0,"comment_status":"closed","ping_status":"closed","template":"","meta":{"footnotes":""},"class_list":["post-2606","page","type-page","status-publish","hentry"],"_links":{"self":[{"href":"https:\/\/rkeeper.dk\/index.php?rest_route=\/wp\/v2\/pages\/2606","targetHints":{"allow":["GET"]}}],"collection":[{"href":"https:\/\/rkeeper.dk\/index.php?rest_route=\/wp\/v2\/pages"}],"about":[{"href":"https:\/\/rkeeper.dk\/index.php?rest_route=\/wp\/v2\/types\/page"}],"author":[{"embeddable":true,"href":"https:\/\/rkeeper.dk\/index.php?rest_route=\/wp\/v2\/users\/1"}],"replies":[{"embeddable":true,"href":"https:\/\/rkeeper.dk\/index.php?rest_route=%2Fwp%2Fv2%2Fcomments&post=2606"}],"version-history":[{"count":5,"href":"https:\/\/rkeeper.dk\/index.php?rest_route=\/wp\/v2\/pages\/2606\/revisions"}],"predecessor-version":[{"id":3729,"href":"https:\/\/rkeeper.dk\/index.php?rest_route=\/wp\/v2\/pages\/2606\/revisions\/3729"}],"wp:attachment":[{"href":"https:\/\/rkeeper.dk\/index.php?rest_route=%2Fwp%2Fv2%2Fmedia&parent=2606"}],"curies":[{"name":"wp","href":"https:\/\/api.w.org\/{rel}","templated":true}]}}