{"id":2574,"date":"2025-07-14T15:42:44","date_gmt":"2025-07-14T12:42:44","guid":{"rendered":"https:\/\/rkeeper.us\/?page_id=2574"},"modified":"2025-07-22T12:00:40","modified_gmt":"2025-07-22T09:00:40","slug":"lagerstyring","status":"publish","type":"page","link":"https:\/\/rkeeper.dk\/?page_id=2574","title":{"rendered":"Lagerstyring"},"content":{"rendered":"\t\t<div data-elementor-type=\"wp-page\" data-elementor-id=\"2574\" class=\"elementor elementor-2574 elementor-2199\" data-elementor-post-type=\"page\">\n\t\t\t\t<div class=\"elementor-element elementor-element-54294efb e-flex e-con-boxed e-con e-parent\" data-id=\"54294efb\" data-element_type=\"container\" data-e-type=\"container\">\n\t\t\t\t\t<div class=\"e-con-inner\">\n\t\t\t\t<div class=\"elementor-element elementor-element-38df2e54 elementor-widget elementor-widget-heading\" data-id=\"38df2e54\" data-element_type=\"widget\" data-e-type=\"widget\" data-widget_type=\"heading.default\">\n\t\t\t\t<div class=\"elementor-widget-container\">\n\t\t\t\t\t<h3 class=\"elementor-heading-title elementor-size-default\">Lagerstyring<\/h3>\t\t\t\t<\/div>\n\t\t\t\t<\/div>\n\t\t\t\t<div class=\"elementor-element elementor-element-7e621205 elementor-widget elementor-widget-text-editor\" data-id=\"7e621205\" data-element_type=\"widget\" data-e-type=\"widget\" data-widget_type=\"text-editor.default\">\n\t\t\t\t<div class=\"elementor-widget-container\">\n\t\t\t\t\t\t\t\t\t<h2 id=\"Inventory-Management-Made-Simple-1\"><strong>Lagerstyring gjort enkelt<\/strong><\/h2><h3 id=\"Know-What-You-Have.-Control-What-You-Need.-2\">Vid, hvad du har. Kontroll\u00e9r, hvad du har brug for. <\/h3><p>Sig farvel til g\u00e6tterier, mangler og for store lagre.<br>Vores <strong>lagerstyringssystem<\/strong> giver dig fuld kontrol over din restaurants lagerbeholdning &#8211; i realtid. Spor alt fra friske ingredienser til papirservietter uden besv\u00e6r, og reducer spild som en professionel. <\/p><p>Fra k\u00f8kken til opbevaring &#8211; total synlighed, ingen stress.<\/p><h3 id=\"Why-Inventory-Management-Matters-2\"><strong>Hvorfor lagerstyring er vigtig<\/strong><\/h3><p><img fetchpriority=\"high\" decoding=\"async\" class=\"alignright\" style=\"width: 324px; height: 394px;\" src=\"https:\/\/img.perfectwiki.xyz\/insecure\/resize:fit:400\/aHR0cHM6Ly9zdG9yYWdlLmdvb2dsZWFwaXMuY29tL3BlcmZlY3Rfd2lraS9jMThmZTZmNy03MTRiLTQxMzItYmI1NC0zNTY0ODc3NWVkMGMvakRWZWJVOFpYRkFjZVpqT3BIWVIvJUQwJUI4JUQwJUI3JUQwJUJFJUQwJUIxJUQxJTgwJUQwJUIwJUQwJUI2JUQwJUI1JUQwJUJEJUQwJUI4JUQwJUI1XzExMGZkMjVlLWRiZTgtNGNhNC1iMGU0LTQzMjU1NjVjYzQxYy5wbmc.webp\" sizes=\"100vw\" srcset=\"https:\/\/img.perfectwiki.xyz\/insecure\/resize:fit:400\/aHR0cHM6Ly9zdG9yYWdlLmdvb2dsZWFwaXMuY29tL3BlcmZlY3Rfd2lraS9jMThmZTZmNy03MTRiLTQxMzItYmI1NC0zNTY0ODc3NWVkMGMvakRWZWJVOFpYRkFjZVpqT3BIWVIvJUQwJUI4JUQwJUI3JUQwJUJFJUQwJUIxJUQxJTgwJUQwJUIwJUQwJUI2JUQwJUI1JUQwJUJEJUQwJUI4JUQwJUI1XzExMGZkMjVlLWRiZTgtNGNhNC1iMGU0LTQzMjU1NjVjYzQxYy5wbmc.webp 400w, https:\/\/img.perfectwiki.xyz\/insecure\/resize:fit:800\/aHR0cHM6Ly9zdG9yYWdlLmdvb2dsZWFwaXMuY29tL3BlcmZlY3Rfd2lraS9jMThmZTZmNy03MTRiLTQxMzItYmI1NC0zNTY0ODc3NWVkMGMvakRWZWJVOFpYRkFjZVpqT3BIWVIvJUQwJUI4JUQwJUI3JUQwJUJFJUQwJUIxJUQxJTgwJUQwJUIwJUQwJUI2JUQwJUI1JUQwJUJEJUQwJUI4JUQwJUI1XzExMGZkMjVlLWRiZTgtNGNhNC1iMGU0LTQzMjU1NjVjYzQxYy5wbmc.webp 800w, https:\/\/img.perfectwiki.xyz\/insecure\/resize:fit:1200\/aHR0cHM6Ly9zdG9yYWdlLmdvb2dsZWFwaXMuY29tL3BlcmZlY3Rfd2lraS9jMThmZTZmNy03MTRiLTQxMzItYmI1NC0zNTY0ODc3NWVkMGMvakRWZWJVOFpYRkFjZVpqT3BIWVIvJUQwJUI4JUQwJUI3JUQwJUJFJUQwJUIxJUQxJTgwJUQwJUIwJUQwJUI2JUQwJUI1JUQwJUJEJUQwJUI4JUQwJUI1XzExMGZkMjVlLWRiZTgtNGNhNC1iMGU0LTQzMjU1NjVjYzQxYy5wbmc.webp 1200w, https:\/\/img.perfectwiki.xyz\/insecure\/aHR0cHM6Ly9zdG9yYWdlLmdvb2dsZWFwaXMuY29tL3BlcmZlY3Rfd2lraS9jMThmZTZmNy03MTRiLTQxMzItYmI1NC0zNTY0ODc3NWVkMGMvakRWZWJVOFpYRkFjZVpqT3BIWVIvJUQwJUI4JUQwJUI3JUQwJUJFJUQwJUIxJUQxJTgwJUQwJUIwJUQwJUI2JUQwJUI1JUQwJUJEJUQwJUI4JUQwJUI1XzExMGZkMjVlLWRiZTgtNGNhNC1iMGU0LTQzMjU1NjVjYzQxYy5wbmc.webp 1400w\" alt=\"produkter \/ 4 Lagerstyring\" width=\"218\" height=\"266\"><\/p><p><strong>Pr\u00e6cis lagersporing<\/strong><br>Se pr\u00e6cis, hvad der er p\u00e5 lager, hvad der er lavt, og hvad der skal bestilles &#8211; p\u00e5 et \u00f8jeblik.<\/p><p><strong>Reducer spild, spar penge<\/strong><br>F\u00e5 advarsler om udl\u00f8bsdatoer, f\u00f8lg forbrugsm\u00f8nstre, og bestil kun det, du har brug for.<\/p><p><strong>Hurtigere lagerkontrol<\/strong><br>Drop regnearkene. Scan, t\u00e6l og synkroniser p\u00e5 f\u00e5 sekunder &#8211; selv fra din telefon eller tablet. <\/p><p><strong>Support til flere lokationer<\/strong><br>Administrerer du flere forretninger? F\u00e5 et samlet overblik over lagerbeholdningen p\u00e5 tv\u00e6rs af alle dine lokationer. <\/p><p><strong>Smarte rapporter og prognoser<\/strong><br>Forudsig eftersp\u00f8rgsel, undg\u00e5 mangel og optimer dine indk\u00f8b med datadrevet indsigt.<\/p><h3 id=\"Key-Features-2\"><strong>Vigtige funktioner<\/strong><\/h3><p><img decoding=\"async\" class=\"alignleft\" src=\"https:\/\/img.perfectwiki.xyz\/insecure\/resize:fit:400\/aHR0cHM6Ly9zdG9yYWdlLmdvb2dsZWFwaXMuY29tL3BlcmZlY3Rfd2lraS9jMThmZTZmNy03MTRiLTQxMzItYmI1NC0zNTY0ODc3NWVkMGMvakRWZWJVOFpYRkFjZVpqT3BIWVIvJUQwJUI4JUQwJUI3JUQwJUJFJUQwJUIxJUQxJTgwJUQwJUIwJUQwJUI2JUQwJUI1JUQwJUJEJUQwJUI4JUQwJUI1X2EwOWQzOWQ2LWE2YjEtNDJmMC1hMzcyLTQzMzFhZGJiMWNmMi5wbmc.webp\" sizes=\"100vw\" srcset=\"https:\/\/img.perfectwiki.xyz\/insecure\/resize:fit:400\/aHR0cHM6Ly9zdG9yYWdlLmdvb2dsZWFwaXMuY29tL3BlcmZlY3Rfd2lraS9jMThmZTZmNy03MTRiLTQxMzItYmI1NC0zNTY0ODc3NWVkMGMvakRWZWJVOFpYRkFjZVpqT3BIWVIvJUQwJUI4JUQwJUI3JUQwJUJFJUQwJUIxJUQxJTgwJUQwJUIwJUQwJUI2JUQwJUI1JUQwJUJEJUQwJUI4JUQwJUI1X2EwOWQzOWQ2LWE2YjEtNDJmMC1hMzcyLTQzMzFhZGJiMWNmMi5wbmc.webp 400w, https:\/\/img.perfectwiki.xyz\/insecure\/resize:fit:800\/aHR0cHM6Ly9zdG9yYWdlLmdvb2dsZWFwaXMuY29tL3BlcmZlY3Rfd2lraS9jMThmZTZmNy03MTRiLTQxMzItYmI1NC0zNTY0ODc3NWVkMGMvakRWZWJVOFpYRkFjZVpqT3BIWVIvJUQwJUI4JUQwJUI3JUQwJUJFJUQwJUIxJUQxJTgwJUQwJUIwJUQwJUI2JUQwJUI1JUQwJUJEJUQwJUI4JUQwJUI1X2EwOWQzOWQ2LWE2YjEtNDJmMC1hMzcyLTQzMzFhZGJiMWNmMi5wbmc.webp 800w, https:\/\/img.perfectwiki.xyz\/insecure\/resize:fit:1200\/aHR0cHM6Ly9zdG9yYWdlLmdvb2dsZWFwaXMuY29tL3BlcmZlY3Rfd2lraS9jMThmZTZmNy03MTRiLTQxMzItYmI1NC0zNTY0ODc3NWVkMGMvakRWZWJVOFpYRkFjZVpqT3BIWVIvJUQwJUI4JUQwJUI3JUQwJUJFJUQwJUIxJUQxJTgwJUQwJUIwJUQwJUI2JUQwJUI1JUQwJUJEJUQwJUI4JUQwJUI1X2EwOWQzOWQ2LWE2YjEtNDJmMC1hMzcyLTQzMzFhZGJiMWNmMi5wbmc.webp 1200w, https:\/\/img.perfectwiki.xyz\/insecure\/aHR0cHM6Ly9zdG9yYWdlLmdvb2dsZWFwaXMuY29tL3BlcmZlY3Rfd2lraS9jMThmZTZmNy03MTRiLTQxMzItYmI1NC0zNTY0ODc3NWVkMGMvakRWZWJVOFpYRkFjZVpqT3BIWVIvJUQwJUI4JUQwJUI3JUQwJUJFJUQwJUIxJUQxJTgwJUQwJUIwJUQwJUI2JUQwJUI1JUQwJUJEJUQwJUI4JUQwJUI1X2EwOWQzOWQ2LWE2YjEtNDJmMC1hMzcyLTQzMzFhZGJiMWNmMi5wbmc.webp 1400w\" alt=\"produkter \/ 4 Lagerstyring\" width=\"210\" height=\"316\"><\/p><ul><li><strong>Lageropdateringer i realtid<\/strong><br>Direkte synlighed af alle produkter, der opdateres automatisk efter hvert salg eller hver levering.<\/li><li><strong>Opskriftsbaseret sporing<\/strong><br>Spor brugen af ingredienser baseret p\u00e5 solgte menupunkter &#8211; vid, hvad der bruges og hvorn\u00e5r.<\/li><li><strong>Anbefalinger om automatisk k\u00f8b<\/strong><br>Systemet foresl\u00e5r, hvorn\u00e5r og hvad der skal bestilles, baseret p\u00e5 forbrugstendenser.<\/li><li><strong>Leverand\u00f8rstyring<\/strong><br>Gem leverand\u00f8roplysninger, priser og k\u00f8bshistorik p\u00e5 \u00e9t sted.<\/li><li><strong>Inventory Transfers<\/strong><br>Flyt varer mellem lokationer med fuld sporbarhed.<\/li><\/ul><figure class=\"image image_resized\"><img decoding=\"async\" class=\"alignright\" src=\"https:\/\/img.perfectwiki.xyz\/insecure\/resize:fit:400\/aHR0cHM6Ly9zdG9yYWdlLmdvb2dsZWFwaXMuY29tL3BlcmZlY3Rfd2lraS9jMThmZTZmNy03MTRiLTQxMzItYmI1NC0zNTY0ODc3NWVkMGMvakRWZWJVOFpYRkFjZVpqT3BIWVIvJUQwJUI4JUQwJUI3JUQwJUJFJUQwJUIxJUQxJTgwJUQwJUIwJUQwJUI2JUQwJUI1JUQwJUJEJUQwJUI4JUQwJUI1XzA3ZWM5Y2UwLTAzNDQtNGQ1MC04OWQ2LTNmZjUwYjJkMWE1OC5wbmc.webp\" sizes=\"100vw\" srcset=\"https:\/\/img.perfectwiki.xyz\/insecure\/resize:fit:400\/aHR0cHM6Ly9zdG9yYWdlLmdvb2dsZWFwaXMuY29tL3BlcmZlY3Rfd2lraS9jMThmZTZmNy03MTRiLTQxMzItYmI1NC0zNTY0ODc3NWVkMGMvakRWZWJVOFpYRkFjZVpqT3BIWVIvJUQwJUI4JUQwJUI3JUQwJUJFJUQwJUIxJUQxJTgwJUQwJUIwJUQwJUI2JUQwJUI1JUQwJUJEJUQwJUI4JUQwJUI1XzA3ZWM5Y2UwLTAzNDQtNGQ1MC04OWQ2LTNmZjUwYjJkMWE1OC5wbmc.webp 400w, https:\/\/img.perfectwiki.xyz\/insecure\/resize:fit:800\/aHR0cHM6Ly9zdG9yYWdlLmdvb2dsZWFwaXMuY29tL3BlcmZlY3Rfd2lraS9jMThmZTZmNy03MTRiLTQxMzItYmI1NC0zNTY0ODc3NWVkMGMvakRWZWJVOFpYRkFjZVpqT3BIWVIvJUQwJUI4JUQwJUI3JUQwJUJFJUQwJUIxJUQxJTgwJUQwJUIwJUQwJUI2JUQwJUI1JUQwJUJEJUQwJUI4JUQwJUI1XzA3ZWM5Y2UwLTAzNDQtNGQ1MC04OWQ2LTNmZjUwYjJkMWE1OC5wbmc.webp 800w, https:\/\/img.perfectwiki.xyz\/insecure\/resize:fit:1200\/aHR0cHM6Ly9zdG9yYWdlLmdvb2dsZWFwaXMuY29tL3BlcmZlY3Rfd2lraS9jMThmZTZmNy03MTRiLTQxMzItYmI1NC0zNTY0ODc3NWVkMGMvakRWZWJVOFpYRkFjZVpqT3BIWVIvJUQwJUI4JUQwJUI3JUQwJUJFJUQwJUIxJUQxJTgwJUQwJUIwJUQwJUI2JUQwJUI1JUQwJUJEJUQwJUI4JUQwJUI1XzA3ZWM5Y2UwLTAzNDQtNGQ1MC04OWQ2LTNmZjUwYjJkMWE1OC5wbmc.webp 1200w, https:\/\/img.perfectwiki.xyz\/insecure\/aHR0cHM6Ly9zdG9yYWdlLmdvb2dsZWFwaXMuY29tL3BlcmZlY3Rfd2lraS9jMThmZTZmNy03MTRiLTQxMzItYmI1NC0zNTY0ODc3NWVkMGMvakRWZWJVOFpYRkFjZVpqT3BIWVIvJUQwJUI4JUQwJUI3JUQwJUJFJUQwJUIxJUQxJTgwJUQwJUIwJUQwJUI2JUQwJUI1JUQwJUJEJUQwJUI4JUQwJUI1XzA3ZWM5Y2UwLTAzNDQtNGQ1MC04OWQ2LTNmZjUwYjJkMWE1OC5wbmc.webp 1400w\" alt=\"produkter \/ 4 Lagerstyring\" width=\"261\" height=\"262\"><\/figure><h3 id=\"For-Whom-2\"><strong>For hvem?<\/strong><\/h3><p><strong>Kokke og k\u00f8kkenpersonale<\/strong> &#8211; Ved, hvad der er tilg\u00e6ngeligt uden at \u00e5bne k\u00f8leskabet.<br><strong>Lagerchefer<\/strong> &#8211; Slip af med for\u00e6ldet lager manuelt.<br><strong>Restaurantejere<\/strong> &#8211; Spor alle omkostninger. Reducer hvert eneste tab. <\/p><h2 id=\"Run-Lean.-Save-Big.-Scale-Smart.-1\"><strong>K\u00f8r Lean. Spar stort. Skaler smart.  <\/strong><\/h2><p>Med vores lagerstyringsv\u00e6rkt\u00f8j sporer du ikke bare lagerbeholdningen &#8211; du frig\u00f8r overskud.<\/p>\t\t\t\t\t\t\t\t<\/div>\n\t\t\t\t<\/div>\n\t\t\t\t<div class=\"elementor-element elementor-element-2514b49b elementor-align-center elementor-mobile-align-center elementor-widget elementor-widget-button\" data-id=\"2514b49b\" data-element_type=\"widget\" data-e-type=\"widget\" data-widget_type=\"button.default\">\n\t\t\t\t<div class=\"elementor-widget-container\">\n\t\t\t\t\t\t\t\t\t<div class=\"elementor-button-wrapper\">\n\t\t\t\t\t<a class=\"elementor-button elementor-button-link elementor-size-sm\" href=\"https:\/\/rkeeper.us\/?page_id=256\">\n\t\t\t\t\t\t<span class=\"elementor-button-content-wrapper\">\n\t\t\t\t\t\t\t\t\t<span class=\"elementor-button-text\">Kontakt os<\/span>\n\t\t\t\t\t<\/span>\n\t\t\t\t\t<\/a>\n\t\t\t\t<\/div>\n\t\t\t\t\t\t\t\t<\/div>\n\t\t\t\t<\/div>\n\t\t\t\t\t<\/div>\n\t\t\t\t<\/div>\n\t\t\t\t<\/div>\n\t\t","protected":false},"excerpt":{"rendered":"<p>Lagerstyring Lagerstyring gjort enkelt Vid, hvad du har. Kontroll\u00e9r, hvad du har brug for. Sig farvel til g\u00e6tterier, mangler og for store lagre.Vores lagerstyringssystem giver dig fuld kontrol over din restaurants lagerbeholdning &#8211; i realtid. Spor alt fra friske ingredienser til papirservietter uden besv\u00e6r, og reducer spild som en professionel. Fra k\u00f8kken til opbevaring &#8211; [&hellip;]<\/p>\n","protected":false},"author":1,"featured_media":0,"parent":0,"menu_order":0,"comment_status":"closed","ping_status":"closed","template":"","meta":{"footnotes":""},"class_list":["post-2574","page","type-page","status-publish","hentry"],"_links":{"self":[{"href":"https:\/\/rkeeper.dk\/index.php?rest_route=\/wp\/v2\/pages\/2574","targetHints":{"allow":["GET"]}}],"collection":[{"href":"https:\/\/rkeeper.dk\/index.php?rest_route=\/wp\/v2\/pages"}],"about":[{"href":"https:\/\/rkeeper.dk\/index.php?rest_route=\/wp\/v2\/types\/page"}],"author":[{"embeddable":true,"href":"https:\/\/rkeeper.dk\/index.php?rest_route=\/wp\/v2\/users\/1"}],"replies":[{"embeddable":true,"href":"https:\/\/rkeeper.dk\/index.php?rest_route=%2Fwp%2Fv2%2Fcomments&post=2574"}],"version-history":[{"count":5,"href":"https:\/\/rkeeper.dk\/index.php?rest_route=\/wp\/v2\/pages\/2574\/revisions"}],"predecessor-version":[{"id":3641,"href":"https:\/\/rkeeper.dk\/index.php?rest_route=\/wp\/v2\/pages\/2574\/revisions\/3641"}],"wp:attachment":[{"href":"https:\/\/rkeeper.dk\/index.php?rest_route=%2Fwp%2Fv2%2Fmedia&parent=2574"}],"curies":[{"name":"wp","href":"https:\/\/api.w.org\/{rel}","templated":true}]}}