{"id":2556,"date":"2025-07-14T15:56:20","date_gmt":"2025-07-14T12:56:20","guid":{"rendered":"https:\/\/rkeeper.us\/?page_id=2556"},"modified":"2025-07-22T12:03:09","modified_gmt":"2025-07-22T09:03:09","slug":"omnichannel-salg","status":"publish","type":"page","link":"https:\/\/rkeeper.dk\/?page_id=2556","title":{"rendered":"Omnichannel-salg"},"content":{"rendered":"\t\t<div data-elementor-type=\"wp-page\" data-elementor-id=\"2556\" class=\"elementor elementor-2556 elementor-2231\" data-elementor-post-type=\"page\">\n\t\t\t\t<div class=\"elementor-element elementor-element-6ea3bb29 e-flex e-con-boxed e-con e-parent\" data-id=\"6ea3bb29\" data-element_type=\"container\" data-e-type=\"container\">\n\t\t\t\t\t<div class=\"e-con-inner\">\n\t\t\t\t<div class=\"elementor-element elementor-element-bc47fca elementor-widget elementor-widget-heading\" data-id=\"bc47fca\" data-element_type=\"widget\" data-e-type=\"widget\" data-widget_type=\"heading.default\">\n\t\t\t\t<div class=\"elementor-widget-container\">\n\t\t\t\t\t<h3 class=\"elementor-heading-title elementor-size-default\">Omnichannel-salg<\/h3>\t\t\t\t<\/div>\n\t\t\t\t<\/div>\n\t\t\t\t<div class=\"elementor-element elementor-element-4e941143 elementor-widget elementor-widget-text-editor\" data-id=\"4e941143\" data-element_type=\"widget\" data-e-type=\"widget\" data-widget_type=\"text-editor.default\">\n\t\t\t\t<div class=\"elementor-widget-container\">\n\t\t\t\t\t\t\t\t\t<h2 id=\"Omnichannel-Sales:-Be-Everywhere-Your-Customers-Are-1\"><strong>Omnichannel-salg: V\u00e6r overalt, hvor dine kunder er<\/strong><\/h2><h3 id=\"One-Menu.-All-Channels.-Unlimited-Growth.-2\">\u00c9n menu. Alle kanaler. Ubegr\u00e6nset v\u00e6kst.  <\/h3><p><img fetchpriority=\"high\" decoding=\"async\" class=\"alignright\" src=\"https:\/\/img.perfectwiki.xyz\/insecure\/resize:fit:400\/aHR0cHM6Ly9zdG9yYWdlLmdvb2dsZWFwaXMuY29tL3BlcmZlY3Rfd2lraS9jMThmZTZmNy03MTRiLTQxMzItYmI1NC0zNTY0ODc3NWVkMGMvZVQwemNKcWhZalJnNGtDZVZPcHYvJUQwJUI4JUQwJUI3JUQwJUJFJUQwJUIxJUQxJTgwJUQwJUIwJUQwJUI2JUQwJUI1JUQwJUJEJUQwJUI4JUQwJUI1X2QwMmFkYzNjLTdlMjYtNDkxYi1iMjJmLTVjMGFmMmJkMzEyYS5wbmc.webp\" sizes=\"100vw\" srcset=\"https:\/\/img.perfectwiki.xyz\/insecure\/resize:fit:400\/aHR0cHM6Ly9zdG9yYWdlLmdvb2dsZWFwaXMuY29tL3BlcmZlY3Rfd2lraS9jMThmZTZmNy03MTRiLTQxMzItYmI1NC0zNTY0ODc3NWVkMGMvZVQwemNKcWhZalJnNGtDZVZPcHYvJUQwJUI4JUQwJUI3JUQwJUJFJUQwJUIxJUQxJTgwJUQwJUIwJUQwJUI2JUQwJUI1JUQwJUJEJUQwJUI4JUQwJUI1X2QwMmFkYzNjLTdlMjYtNDkxYi1iMjJmLTVjMGFmMmJkMzEyYS5wbmc.webp 400w, https:\/\/img.perfectwiki.xyz\/insecure\/resize:fit:800\/aHR0cHM6Ly9zdG9yYWdlLmdvb2dsZWFwaXMuY29tL3BlcmZlY3Rfd2lraS9jMThmZTZmNy03MTRiLTQxMzItYmI1NC0zNTY0ODc3NWVkMGMvZVQwemNKcWhZalJnNGtDZVZPcHYvJUQwJUI4JUQwJUI3JUQwJUJFJUQwJUIxJUQxJTgwJUQwJUIwJUQwJUI2JUQwJUI1JUQwJUJEJUQwJUI4JUQwJUI1X2QwMmFkYzNjLTdlMjYtNDkxYi1iMjJmLTVjMGFmMmJkMzEyYS5wbmc.webp 800w, https:\/\/img.perfectwiki.xyz\/insecure\/resize:fit:1200\/aHR0cHM6Ly9zdG9yYWdlLmdvb2dsZWFwaXMuY29tL3BlcmZlY3Rfd2lraS9jMThmZTZmNy03MTRiLTQxMzItYmI1NC0zNTY0ODc3NWVkMGMvZVQwemNKcWhZalJnNGtDZVZPcHYvJUQwJUI4JUQwJUI3JUQwJUJFJUQwJUIxJUQxJTgwJUQwJUIwJUQwJUI2JUQwJUI1JUQwJUJEJUQwJUI4JUQwJUI1X2QwMmFkYzNjLTdlMjYtNDkxYi1iMjJmLTVjMGFmMmJkMzEyYS5wbmc.webp 1200w, https:\/\/img.perfectwiki.xyz\/insecure\/aHR0cHM6Ly9zdG9yYWdlLmdvb2dsZWFwaXMuY29tL3BlcmZlY3Rfd2lraS9jMThmZTZmNy03MTRiLTQxMzItYmI1NC0zNTY0ODc3NWVkMGMvZVQwemNKcWhZalJnNGtDZVZPcHYvJUQwJUI4JUQwJUI3JUQwJUJFJUQwJUIxJUQxJTgwJUQwJUIwJUQwJUI2JUQwJUI1JUQwJUJEJUQwJUI4JUQwJUI1X2QwMmFkYzNjLTdlMjYtNDkxYi1iMjJmLTVjMGFmMmJkMzEyYS5wbmc.webp 1400w\" alt=\"l\u00f8sninger \/ 5 Omnichannel-salg\" width=\"364\" height=\"242\"><\/p><p>Kunderne bestiller i dag fra apps, hjemmesider, kiosker og direkte ved disken. Hvorfor v\u00e6lge \u00e9n, n\u00e5r du kan f\u00e5 dem alle?<br>Vores <strong>Omnichannel-salgsl\u00f8sning<\/strong> forbinder alle salgskontaktpunkter i \u00e9t s\u00f8ml\u00f8st system &#8211; s\u00e5 ingen ordrer g\u00e5r tabt, og alle kunder bliver betjent. <\/p><p>Online. In-house. P\u00e5 farten. Alt sammen synkroniseret.   <\/p><h3 id=\"What-You-Get-2\"><strong>Hvad du f\u00e5r<\/strong><\/h3><p><img decoding=\"async\" class=\"alignleft\" src=\"https:\/\/img.perfectwiki.xyz\/insecure\/resize:fit:400\/aHR0cHM6Ly9zdG9yYWdlLmdvb2dsZWFwaXMuY29tL3BlcmZlY3Rfd2lraS9jMThmZTZmNy03MTRiLTQxMzItYmI1NC0zNTY0ODc3NWVkMGMvZVQwemNKcWhZalJnNGtDZVZPcHYvJUQwJUI4JUQwJUI3JUQwJUJFJUQwJUIxJUQxJTgwJUQwJUIwJUQwJUI2JUQwJUI1JUQwJUJEJUQwJUI4JUQwJUI1X2FhYTYwZDUxLWM1YjItNDY0Mi1iNmNmLWYyMTMxYmZiMjQ1MC5wbmc.webp\" sizes=\"100vw\" srcset=\"https:\/\/img.perfectwiki.xyz\/insecure\/resize:fit:400\/aHR0cHM6Ly9zdG9yYWdlLmdvb2dsZWFwaXMuY29tL3BlcmZlY3Rfd2lraS9jMThmZTZmNy03MTRiLTQxMzItYmI1NC0zNTY0ODc3NWVkMGMvZVQwemNKcWhZalJnNGtDZVZPcHYvJUQwJUI4JUQwJUI3JUQwJUJFJUQwJUIxJUQxJTgwJUQwJUIwJUQwJUI2JUQwJUI1JUQwJUJEJUQwJUI4JUQwJUI1X2FhYTYwZDUxLWM1YjItNDY0Mi1iNmNmLWYyMTMxYmZiMjQ1MC5wbmc.webp 400w, https:\/\/img.perfectwiki.xyz\/insecure\/resize:fit:800\/aHR0cHM6Ly9zdG9yYWdlLmdvb2dsZWFwaXMuY29tL3BlcmZlY3Rfd2lraS9jMThmZTZmNy03MTRiLTQxMzItYmI1NC0zNTY0ODc3NWVkMGMvZVQwemNKcWhZalJnNGtDZVZPcHYvJUQwJUI4JUQwJUI3JUQwJUJFJUQwJUIxJUQxJTgwJUQwJUIwJUQwJUI2JUQwJUI1JUQwJUJEJUQwJUI4JUQwJUI1X2FhYTYwZDUxLWM1YjItNDY0Mi1iNmNmLWYyMTMxYmZiMjQ1MC5wbmc.webp 800w, https:\/\/img.perfectwiki.xyz\/insecure\/resize:fit:1200\/aHR0cHM6Ly9zdG9yYWdlLmdvb2dsZWFwaXMuY29tL3BlcmZlY3Rfd2lraS9jMThmZTZmNy03MTRiLTQxMzItYmI1NC0zNTY0ODc3NWVkMGMvZVQwemNKcWhZalJnNGtDZVZPcHYvJUQwJUI4JUQwJUI3JUQwJUJFJUQwJUIxJUQxJTgwJUQwJUIwJUQwJUI2JUQwJUI1JUQwJUJEJUQwJUI4JUQwJUI1X2FhYTYwZDUxLWM1YjItNDY0Mi1iNmNmLWYyMTMxYmZiMjQ1MC5wbmc.webp 1200w, https:\/\/img.perfectwiki.xyz\/insecure\/aHR0cHM6Ly9zdG9yYWdlLmdvb2dsZWFwaXMuY29tL3BlcmZlY3Rfd2lraS9jMThmZTZmNy03MTRiLTQxMzItYmI1NC0zNTY0ODc3NWVkMGMvZVQwemNKcWhZalJnNGtDZVZPcHYvJUQwJUI4JUQwJUI3JUQwJUJFJUQwJUIxJUQxJTgwJUQwJUIwJUQwJUI2JUQwJUI1JUQwJUJEJUQwJUI4JUQwJUI1X2FhYTYwZDUxLWM1YjItNDY0Mi1iNmNmLWYyMTMxYmZiMjQ1MC5wbmc.webp 1400w\" alt=\"l\u00f8sninger \/ 5 Omnichannel-salg\" width=\"242\" height=\"366\"><\/p><p><strong>Ensartede ordrer p\u00e5 tv\u00e6rs af alle kanaler<\/strong><br>Slut med at jonglere med tablets og apps. Bestillinger fra web, mobil, kiosk eller POS g\u00e5r direkte ind i \u00e9t system &#8211; med det samme. <\/p><p><strong>Moderne, mobilvenlig oplevelse<\/strong><br>Din menu, din stil &#8211; tilg\u00e6ngelig p\u00e5 alle enheder. Lad kunderne bestille, som de foretr\u00e6kker det. <\/p><p><strong>Synkronisering af lager og menu i realtid<\/strong><br>\u00c6ndr en pris eller et produkt \u00e9n gang, og det opdateres overalt: POS, hjemmeside, leveringsapps og kiosker.<\/p><p><strong>Central rapportering<\/strong><br>F\u00f8lg det samlede salg, de bedste produkter og kundernes adf\u00e6rd p\u00e5 tv\u00e6rs af alle platforme &#8211; i \u00e9t dashboard.<\/p><p><strong>Klar til levering og afhentning<\/strong><br>Opret direkte forbindelse til Click &amp; Collect, leveringspartnere eller interne kurerer for et komplet salgskredsl\u00f8b.<\/p><h3 id=\"Why-It-Matters-2\"><strong>Hvorfor det er vigtigt<\/strong><\/h3><p><strong>Maksimer indt\u00e6gterne<\/strong> &#8211; Fang salg fra alle platforme, 24\/7.<\/p><p><strong>Spar tid<\/strong> &#8211; ikke mere dobbeltindtastning. Opdateringer sker automatisk og med det samme. <\/p><p><strong>Reducer fejl<\/strong> &#8211; Ensartede ordrer = ingen forvirring, ingen glemte varer.<\/p><p><strong>\u00d8g loyaliteten<\/strong> &#8211; Glatte oplevelser p\u00e5 tv\u00e6rs af alle kontaktpunkter \u00f8ger antallet af gentagne bes\u00f8g.<\/p><h3 id=\"Channels-You-Can-Connect-2\"><strong>Kanaler, du kan forbinde<\/strong><\/h3><p><img decoding=\"async\" class=\"alignright\" style=\"margin: 8px 8px 0px;\" src=\"https:\/\/img.perfectwiki.xyz\/insecure\/resize:fit:400\/aHR0cHM6Ly9zdG9yYWdlLmdvb2dsZWFwaXMuY29tL3BlcmZlY3Rfd2lraS9jMThmZTZmNy03MTRiLTQxMzItYmI1NC0zNTY0ODc3NWVkMGMvZVQwemNKcWhZalJnNGtDZVZPcHYvJUQwJUI4JUQwJUI3JUQwJUJFJUQwJUIxJUQxJTgwJUQwJUIwJUQwJUI2JUQwJUI1JUQwJUJEJUQwJUI4JUQwJUI1X2QxY2QyYjAxLTc0ZWYtNDJmYi04Yzk5LTY1M2RhYWMwZDExOS5wbmc.webp\" sizes=\"100vw\" srcset=\"https:\/\/img.perfectwiki.xyz\/insecure\/resize:fit:400\/aHR0cHM6Ly9zdG9yYWdlLmdvb2dsZWFwaXMuY29tL3BlcmZlY3Rfd2lraS9jMThmZTZmNy03MTRiLTQxMzItYmI1NC0zNTY0ODc3NWVkMGMvZVQwemNKcWhZalJnNGtDZVZPcHYvJUQwJUI4JUQwJUI3JUQwJUJFJUQwJUIxJUQxJTgwJUQwJUIwJUQwJUI2JUQwJUI1JUQwJUJEJUQwJUI4JUQwJUI1X2QxY2QyYjAxLTc0ZWYtNDJmYi04Yzk5LTY1M2RhYWMwZDExOS5wbmc.webp 400w, https:\/\/img.perfectwiki.xyz\/insecure\/resize:fit:800\/aHR0cHM6Ly9zdG9yYWdlLmdvb2dsZWFwaXMuY29tL3BlcmZlY3Rfd2lraS9jMThmZTZmNy03MTRiLTQxMzItYmI1NC0zNTY0ODc3NWVkMGMvZVQwemNKcWhZalJnNGtDZVZPcHYvJUQwJUI4JUQwJUI3JUQwJUJFJUQwJUIxJUQxJTgwJUQwJUIwJUQwJUI2JUQwJUI1JUQwJUJEJUQwJUI4JUQwJUI1X2QxY2QyYjAxLTc0ZWYtNDJmYi04Yzk5LTY1M2RhYWMwZDExOS5wbmc.webp 800w, https:\/\/img.perfectwiki.xyz\/insecure\/resize:fit:1200\/aHR0cHM6Ly9zdG9yYWdlLmdvb2dsZWFwaXMuY29tL3BlcmZlY3Rfd2lraS9jMThmZTZmNy03MTRiLTQxMzItYmI1NC0zNTY0ODc3NWVkMGMvZVQwemNKcWhZalJnNGtDZVZPcHYvJUQwJUI4JUQwJUI3JUQwJUJFJUQwJUIxJUQxJTgwJUQwJUIwJUQwJUI2JUQwJUI1JUQwJUJEJUQwJUI4JUQwJUI1X2QxY2QyYjAxLTc0ZWYtNDJmYi04Yzk5LTY1M2RhYWMwZDExOS5wbmc.webp 1200w, https:\/\/img.perfectwiki.xyz\/insecure\/aHR0cHM6Ly9zdG9yYWdlLmdvb2dsZWFwaXMuY29tL3BlcmZlY3Rfd2lraS9jMThmZTZmNy03MTRiLTQxMzItYmI1NC0zNTY0ODc3NWVkMGMvZVQwemNKcWhZalJnNGtDZVZPcHYvJUQwJUI4JUQwJUI3JUQwJUJFJUQwJUIxJUQxJTgwJUQwJUIwJUQwJUI2JUQwJUI1JUQwJUJEJUQwJUI4JUQwJUI1X2QxY2QyYjAxLTc0ZWYtNDJmYi04Yzk5LTY1M2RhYWMwZDExOS5wbmc.webp 1400w\" alt=\"l\u00f8sninger \/ 5 Omnichannel-salg\" width=\"234\" height=\"316\"><\/p><p>\u2705 POS &amp; Cashdesk<br>\u2705 Kiosk<br>\u2705 Native Mobile App<br>\u2705 Branded Website<br>\u2705 Leveringsplatforme (Wolt, Bolt, Glovo osv.)<br>\u2705 Click &amp; Collect<br>\u2705 QR-bordbestilling<\/p><h2 id=\"Omnichannel-Omnipresence-1\"><strong>Omnichannel = Omnipresence<\/strong><\/h2><p>Dine kunder lever i flere kanaler.<br>Nu kan din virksomhed ogs\u00e5 g\u00f8re det &#8211; uden kaos.<\/p><p>Bliv forbundet. Forbliv skalerbar. Bevar kontrollen.  <\/p>\t\t\t\t\t\t\t\t<\/div>\n\t\t\t\t<\/div>\n\t\t\t\t<div class=\"elementor-element elementor-element-2c75ffcf elementor-align-center elementor-mobile-align-center elementor-widget elementor-widget-button\" data-id=\"2c75ffcf\" data-element_type=\"widget\" data-e-type=\"widget\" data-widget_type=\"button.default\">\n\t\t\t\t<div class=\"elementor-widget-container\">\n\t\t\t\t\t\t\t\t\t<div class=\"elementor-button-wrapper\">\n\t\t\t\t\t<a class=\"elementor-button elementor-button-link elementor-size-sm\" href=\"https:\/\/rkeeper.us\/?page_id=256\">\n\t\t\t\t\t\t<span class=\"elementor-button-content-wrapper\">\n\t\t\t\t\t\t\t\t\t<span class=\"elementor-button-text\">Kontakt os<\/span>\n\t\t\t\t\t<\/span>\n\t\t\t\t\t<\/a>\n\t\t\t\t<\/div>\n\t\t\t\t\t\t\t\t<\/div>\n\t\t\t\t<\/div>\n\t\t\t\t\t<\/div>\n\t\t\t\t<\/div>\n\t\t\t\t<\/div>\n\t\t","protected":false},"excerpt":{"rendered":"<p>Omnichannel-salg Omnichannel-salg: V\u00e6r overalt, hvor dine kunder er \u00c9n menu. Alle kanaler. Ubegr\u00e6nset v\u00e6kst. Kunderne bestiller i dag fra apps, hjemmesider, kiosker og direkte ved disken. Hvorfor v\u00e6lge \u00e9n, n\u00e5r du kan f\u00e5 dem alle?Vores Omnichannel-salgsl\u00f8sning forbinder alle salgskontaktpunkter i \u00e9t s\u00f8ml\u00f8st system &#8211; s\u00e5 ingen ordrer g\u00e5r tabt, og alle kunder bliver betjent. Online. [&hellip;]<\/p>\n","protected":false},"author":1,"featured_media":0,"parent":0,"menu_order":0,"comment_status":"closed","ping_status":"closed","template":"","meta":{"footnotes":""},"class_list":["post-2556","page","type-page","status-publish","hentry"],"_links":{"self":[{"href":"https:\/\/rkeeper.dk\/index.php?rest_route=\/wp\/v2\/pages\/2556","targetHints":{"allow":["GET"]}}],"collection":[{"href":"https:\/\/rkeeper.dk\/index.php?rest_route=\/wp\/v2\/pages"}],"about":[{"href":"https:\/\/rkeeper.dk\/index.php?rest_route=\/wp\/v2\/types\/page"}],"author":[{"embeddable":true,"href":"https:\/\/rkeeper.dk\/index.php?rest_route=\/wp\/v2\/users\/1"}],"replies":[{"embeddable":true,"href":"https:\/\/rkeeper.dk\/index.php?rest_route=%2Fwp%2Fv2%2Fcomments&post=2556"}],"version-history":[{"count":2,"href":"https:\/\/rkeeper.dk\/index.php?rest_route=\/wp\/v2\/pages\/2556\/revisions"}],"predecessor-version":[{"id":3659,"href":"https:\/\/rkeeper.dk\/index.php?rest_route=\/wp\/v2\/pages\/2556\/revisions\/3659"}],"wp:attachment":[{"href":"https:\/\/rkeeper.dk\/index.php?rest_route=%2Fwp%2Fv2%2Fmedia&parent=2556"}],"curies":[{"name":"wp","href":"https:\/\/api.w.org\/{rel}","templated":true}]}}