{"id":2532,"date":"2025-07-14T16:00:09","date_gmt":"2025-07-14T13:00:09","guid":{"rendered":"https:\/\/rkeeper.us\/?page_id=2532"},"modified":"2025-07-22T11:55:53","modified_gmt":"2025-07-22T08:55:53","slug":"integration-af-leverancer","status":"publish","type":"page","link":"https:\/\/rkeeper.dk\/?page_id=2532","title":{"rendered":"Integration af leverancer"},"content":{"rendered":"\t\t<div data-elementor-type=\"wp-page\" data-elementor-id=\"2532\" class=\"elementor elementor-2532 elementor-2241\" data-elementor-post-type=\"page\">\n\t\t\t\t<div class=\"elementor-element elementor-element-5149bce6 e-flex e-con-boxed e-con e-parent\" data-id=\"5149bce6\" data-element_type=\"container\" data-e-type=\"container\">\n\t\t\t\t\t<div class=\"e-con-inner\">\n\t\t\t\t<div class=\"elementor-element elementor-element-1d049450 elementor-widget elementor-widget-heading\" data-id=\"1d049450\" data-element_type=\"widget\" data-e-type=\"widget\" data-widget_type=\"heading.default\">\n\t\t\t\t<div class=\"elementor-widget-container\">\n\t\t\t\t\t<h3 class=\"elementor-heading-title elementor-size-default\">Integration af leverancer<\/h3>\t\t\t\t<\/div>\n\t\t\t\t<\/div>\n\t\t\t\t<div class=\"elementor-element elementor-element-670cb37d elementor-widget elementor-widget-text-editor\" data-id=\"670cb37d\" data-element_type=\"widget\" data-e-type=\"widget\" data-widget_type=\"text-editor.default\">\n\t\t\t\t<div class=\"elementor-widget-container\">\n\t\t\t\t\t\t\t\t\t<h3 id=\"Connect-with-the-World's-Top-Delivery-Platforms-All-in-One-Place-2\">Kom i kontakt med verdens bedste leveringsplatforme &#8211; alt sammen p\u00e5 \u00e9t sted<\/h3><p>Hvorfor administrere fem tablets, n\u00e5r du kan n\u00f8jes med \u00e9t system?<br>Vores <strong>leveringsintegrationer<\/strong> samler alle st\u00f8rre leveringsapps i en enkelt, problemfri gr\u00e6nseflade. Ordrer g\u00e5r direkte til din POS- eller k\u00f8kkensk\u00e6rm &#8211; ingen dobbeltindtastning, ingen forsinkelser, ingen stress. <\/p><p>Glovo. Wolt. Uber Eats. Bolt Food. Foodpanda. Just Eat. Zomato. Deliveroo. Og hvad mere? \ud83d\ude42<br>Alt sammen fuldt integreret. Alt sammen under kontrol. <\/p><h3 id=\"Why-Delivery-Integration-2\"><strong>Hvorfor Delivery Integration?<\/strong><\/h3><p><img fetchpriority=\"high\" decoding=\"async\" class=\"alignright\" src=\"https:\/\/img.perfectwiki.xyz\/insecure\/resize:fit:400\/aHR0cHM6Ly9zdG9yYWdlLmdvb2dsZWFwaXMuY29tL3BlcmZlY3Rfd2lraS9jMThmZTZmNy03MTRiLTQxMzItYmI1NC0zNTY0ODc3NWVkMGMvd2Ywbms2SEgxS1M5NnJJZVU1bkcvJUQwJUI4JUQwJUI3JUQwJUJFJUQwJUIxJUQxJTgwJUQwJUIwJUQwJUI2JUQwJUI1JUQwJUJEJUQwJUI4JUQwJUI1XzIwOTIxZjFlLTg3MjItNDhiNC1iZWMwLTIyOGJjN2QwZDE5MS5wbmc.webp\" sizes=\"100vw\" srcset=\"https:\/\/img.perfectwiki.xyz\/insecure\/resize:fit:400\/aHR0cHM6Ly9zdG9yYWdlLmdvb2dsZWFwaXMuY29tL3BlcmZlY3Rfd2lraS9jMThmZTZmNy03MTRiLTQxMzItYmI1NC0zNTY0ODc3NWVkMGMvd2Ywbms2SEgxS1M5NnJJZVU1bkcvJUQwJUI4JUQwJUI3JUQwJUJFJUQwJUIxJUQxJTgwJUQwJUIwJUQwJUI2JUQwJUI1JUQwJUJEJUQwJUI4JUQwJUI1XzIwOTIxZjFlLTg3MjItNDhiNC1iZWMwLTIyOGJjN2QwZDE5MS5wbmc.webp 400w, https:\/\/img.perfectwiki.xyz\/insecure\/resize:fit:800\/aHR0cHM6Ly9zdG9yYWdlLmdvb2dsZWFwaXMuY29tL3BlcmZlY3Rfd2lraS9jMThmZTZmNy03MTRiLTQxMzItYmI1NC0zNTY0ODc3NWVkMGMvd2Ywbms2SEgxS1M5NnJJZVU1bkcvJUQwJUI4JUQwJUI3JUQwJUJFJUQwJUIxJUQxJTgwJUQwJUIwJUQwJUI2JUQwJUI1JUQwJUJEJUQwJUI4JUQwJUI1XzIwOTIxZjFlLTg3MjItNDhiNC1iZWMwLTIyOGJjN2QwZDE5MS5wbmc.webp 800w, https:\/\/img.perfectwiki.xyz\/insecure\/resize:fit:1200\/aHR0cHM6Ly9zdG9yYWdlLmdvb2dsZWFwaXMuY29tL3BlcmZlY3Rfd2lraS9jMThmZTZmNy03MTRiLTQxMzItYmI1NC0zNTY0ODc3NWVkMGMvd2Ywbms2SEgxS1M5NnJJZVU1bkcvJUQwJUI4JUQwJUI3JUQwJUJFJUQwJUIxJUQxJTgwJUQwJUIwJUQwJUI2JUQwJUI1JUQwJUJEJUQwJUI4JUQwJUI1XzIwOTIxZjFlLTg3MjItNDhiNC1iZWMwLTIyOGJjN2QwZDE5MS5wbmc.webp 1200w, https:\/\/img.perfectwiki.xyz\/insecure\/aHR0cHM6Ly9zdG9yYWdlLmdvb2dsZWFwaXMuY29tL3BlcmZlY3Rfd2lraS9jMThmZTZmNy03MTRiLTQxMzItYmI1NC0zNTY0ODc3NWVkMGMvd2Ywbms2SEgxS1M5NnJJZVU1bkcvJUQwJUI4JUQwJUI3JUQwJUJFJUQwJUIxJUQxJTgwJUQwJUIwJUQwJUI2JUQwJUI1JUQwJUJEJUQwJUI4JUQwJUI1XzIwOTIxZjFlLTg3MjItNDhiNC1iZWMwLTIyOGJjN2QwZDE5MS5wbmc.webp 1400w\" alt=\"l\u00f8sninger \/ 7 Leveringsintegrationer\" width=\"229\" height=\"230\"><\/p><p><strong>Central ordreh\u00e5ndtering<\/strong><br>F\u00e5 alle leveringsordrer samlet p\u00e5 \u00e9t sted &#8211; direkte i dit POS- eller k\u00f8kkendisplay.<\/p><p><strong>Ingen manuel indtastning<\/strong><br>Ikke mere personale, der skriver ordrer fra flere tablets. Alt flyder automatisk. <\/p><p><strong>F\u00e6rre fejl<\/strong><br>Automatisk dataindtastning = f\u00e6rre fejl = gladere kunder.<\/p><p><strong>Menusynkronisering i realtid<\/strong><br>Skift varer eller priser \u00e9n gang &#8211; opdateringer g\u00e5r live p\u00e5 alle platforme.<\/p><p><strong>\u00d8g salget uden kaos<\/strong><br>Kom i kontakt med nye kunder, behandl flere ordrer, og bevar den fulde kontrol.<\/p><p><img decoding=\"async\" class=\"alignright\" style=\"margin: 8px 8px 0px;\" src=\"https:\/\/img.perfectwiki.xyz\/insecure\/resize:fit:400\/aHR0cHM6Ly9zdG9yYWdlLmdvb2dsZWFwaXMuY29tL3BlcmZlY3Rfd2lraS9jMThmZTZmNy03MTRiLTQxMzItYmI1NC0zNTY0ODc3NWVkMGMvd2Ywbms2SEgxS1M5NnJJZVU1bkcvJUQwJUI4JUQwJUI3JUQwJUJFJUQwJUIxJUQxJTgwJUQwJUIwJUQwJUI2JUQwJUI1JUQwJUJEJUQwJUI4JUQwJUI1X2E1ZmI3OWUyLThkMDMtNDg2Ny04MzM3LTcwMzQ0ZDNjNTg3NS5wbmc.webp\" sizes=\"100vw\" srcset=\"https:\/\/img.perfectwiki.xyz\/insecure\/resize:fit:400\/aHR0cHM6Ly9zdG9yYWdlLmdvb2dsZWFwaXMuY29tL3BlcmZlY3Rfd2lraS9jMThmZTZmNy03MTRiLTQxMzItYmI1NC0zNTY0ODc3NWVkMGMvd2Ywbms2SEgxS1M5NnJJZVU1bkcvJUQwJUI4JUQwJUI3JUQwJUJFJUQwJUIxJUQxJTgwJUQwJUIwJUQwJUI2JUQwJUI1JUQwJUJEJUQwJUI4JUQwJUI1X2E1ZmI3OWUyLThkMDMtNDg2Ny04MzM3LTcwMzQ0ZDNjNTg3NS5wbmc.webp 400w, https:\/\/img.perfectwiki.xyz\/insecure\/resize:fit:800\/aHR0cHM6Ly9zdG9yYWdlLmdvb2dsZWFwaXMuY29tL3BlcmZlY3Rfd2lraS9jMThmZTZmNy03MTRiLTQxMzItYmI1NC0zNTY0ODc3NWVkMGMvd2Ywbms2SEgxS1M5NnJJZVU1bkcvJUQwJUI4JUQwJUI3JUQwJUJFJUQwJUIxJUQxJTgwJUQwJUIwJUQwJUI2JUQwJUI1JUQwJUJEJUQwJUI4JUQwJUI1X2E1ZmI3OWUyLThkMDMtNDg2Ny04MzM3LTcwMzQ0ZDNjNTg3NS5wbmc.webp 800w, https:\/\/img.perfectwiki.xyz\/insecure\/resize:fit:1200\/aHR0cHM6Ly9zdG9yYWdlLmdvb2dsZWFwaXMuY29tL3BlcmZlY3Rfd2lraS9jMThmZTZmNy03MTRiLTQxMzItYmI1NC0zNTY0ODc3NWVkMGMvd2Ywbms2SEgxS1M5NnJJZVU1bkcvJUQwJUI4JUQwJUI3JUQwJUJFJUQwJUIxJUQxJTgwJUQwJUIwJUQwJUI2JUQwJUI1JUQwJUJEJUQwJUI4JUQwJUI1X2E1ZmI3OWUyLThkMDMtNDg2Ny04MzM3LTcwMzQ0ZDNjNTg3NS5wbmc.webp 1200w, https:\/\/img.perfectwiki.xyz\/insecure\/aHR0cHM6Ly9zdG9yYWdlLmdvb2dsZWFwaXMuY29tL3BlcmZlY3Rfd2lraS9jMThmZTZmNy03MTRiLTQxMzItYmI1NC0zNTY0ODc3NWVkMGMvd2Ywbms2SEgxS1M5NnJJZVU1bkcvJUQwJUI4JUQwJUI3JUQwJUJFJUQwJUIxJUQxJTgwJUQwJUIwJUQwJUI2JUQwJUI1JUQwJUJEJUQwJUI4JUQwJUI1X2E1ZmI3OWUyLThkMDMtNDg2Ny04MzM3LTcwMzQ0ZDNjNTg3NS5wbmc.webp 1400w\" alt=\"l\u00f8sninger \/ 7 Leveringsintegrationer\" width=\"236\" height=\"237\"><\/p><h3 id=\"Supported-Platforms-2\"><strong>Underst\u00f8ttede platforme<\/strong><\/h3><p>\u2705 Wolt<br>\u2705 Uber Eats<br>\u2705 Glovo<br>\u2705 Bolt Food<br>\u2705 Foodpanda<br>\u2705 Deliveroo<br>\u2705 Just Eat<br>\u2705 Zomato<br>&#8230;og mere<\/p><h3 id=\"What-You-Get-2\"><strong>Hvad du f\u00e5r<\/strong><\/h3><p><img decoding=\"async\" class=\"alignright\" src=\"https:\/\/img.perfectwiki.xyz\/insecure\/resize:fit:400\/aHR0cHM6Ly9zdG9yYWdlLmdvb2dsZWFwaXMuY29tL3BlcmZlY3Rfd2lraS9jMThmZTZmNy03MTRiLTQxMzItYmI1NC0zNTY0ODc3NWVkMGMvd2Ywbms2SEgxS1M5NnJJZVU1bkcvJUQwJUI4JUQwJUI3JUQwJUJFJUQwJUIxJUQxJTgwJUQwJUIwJUQwJUI2JUQwJUI1JUQwJUJEJUQwJUI4JUQwJUI1XzkxZTM2ZTY0LTgwNDQtNGQ1Yy1hNzI1LWM0OTJhYzRhZjdlNS5wbmc.webp\" sizes=\"100vw\" srcset=\"https:\/\/img.perfectwiki.xyz\/insecure\/resize:fit:400\/aHR0cHM6Ly9zdG9yYWdlLmdvb2dsZWFwaXMuY29tL3BlcmZlY3Rfd2lraS9jMThmZTZmNy03MTRiLTQxMzItYmI1NC0zNTY0ODc3NWVkMGMvd2Ywbms2SEgxS1M5NnJJZVU1bkcvJUQwJUI4JUQwJUI3JUQwJUJFJUQwJUIxJUQxJTgwJUQwJUIwJUQwJUI2JUQwJUI1JUQwJUJEJUQwJUI4JUQwJUI1XzkxZTM2ZTY0LTgwNDQtNGQ1Yy1hNzI1LWM0OTJhYzRhZjdlNS5wbmc.webp 400w, https:\/\/img.perfectwiki.xyz\/insecure\/resize:fit:800\/aHR0cHM6Ly9zdG9yYWdlLmdvb2dsZWFwaXMuY29tL3BlcmZlY3Rfd2lraS9jMThmZTZmNy03MTRiLTQxMzItYmI1NC0zNTY0ODc3NWVkMGMvd2Ywbms2SEgxS1M5NnJJZVU1bkcvJUQwJUI4JUQwJUI3JUQwJUJFJUQwJUIxJUQxJTgwJUQwJUIwJUQwJUI2JUQwJUI1JUQwJUJEJUQwJUI4JUQwJUI1XzkxZTM2ZTY0LTgwNDQtNGQ1Yy1hNzI1LWM0OTJhYzRhZjdlNS5wbmc.webp 800w, https:\/\/img.perfectwiki.xyz\/insecure\/resize:fit:1200\/aHR0cHM6Ly9zdG9yYWdlLmdvb2dsZWFwaXMuY29tL3BlcmZlY3Rfd2lraS9jMThmZTZmNy03MTRiLTQxMzItYmI1NC0zNTY0ODc3NWVkMGMvd2Ywbms2SEgxS1M5NnJJZVU1bkcvJUQwJUI4JUQwJUI3JUQwJUJFJUQwJUIxJUQxJTgwJUQwJUIwJUQwJUI2JUQwJUI1JUQwJUJEJUQwJUI4JUQwJUI1XzkxZTM2ZTY0LTgwNDQtNGQ1Yy1hNzI1LWM0OTJhYzRhZjdlNS5wbmc.webp 1200w, https:\/\/img.perfectwiki.xyz\/insecure\/aHR0cHM6Ly9zdG9yYWdlLmdvb2dsZWFwaXMuY29tL3BlcmZlY3Rfd2lraS9jMThmZTZmNy03MTRiLTQxMzItYmI1NC0zNTY0ODc3NWVkMGMvd2Ywbms2SEgxS1M5NnJJZVU1bkcvJUQwJUI4JUQwJUI3JUQwJUJFJUQwJUIxJUQxJTgwJUQwJUIwJUQwJUI2JUQwJUI1JUQwJUJEJUQwJUI4JUQwJUI1XzkxZTM2ZTY0LTgwNDQtNGQ1Yy1hNzI1LWM0OTJhYzRhZjdlNS5wbmc.webp 1400w\" alt=\"l\u00f8sninger \/ 7 Leveringsintegrationer\" width=\"265\" height=\"396\"><\/p><ul><li>Konsoliderede salgsrapporter p\u00e5 tv\u00e6rs af alle leveringsapps<\/li><li>Bedre k\u00f8kkenplanl\u00e6gning med synlighed af ordrer i realtid<\/li><li>F\u00e6rre menneskelige fejl og forsinkelser<\/li><li>Ordrer flyder ind i dit POS &#8211; ingen skiftende sk\u00e6rme<\/li><li>Flersproget st\u00f8tte til globale m\u00e5lgrupper<\/li><li>Flere ordrer, mindre hovedpine<\/li><\/ul><h3 id=\"For-Chains-and-Single-Venues-Alike-2\"><strong>For b\u00e5de k\u00e6der og enkeltst\u00e5ende spillesteder<\/strong><\/h3><p>Uanset om du driver en enkelt burgerbar eller 200 sushi-forretninger &#8211; denne l\u00f8sning skalerer med dig.<br>Flere filialer? Det er ikke noget problem. Vi hj\u00e6lper dig med at konfigurere efter sted og forbinde alt til \u00e9t smart backoffice.  <\/p><h2 id=\"Work-Smarter.-Deliver-Faster.-Grow-Bigger.-1\"><strong>Arbejd smartere. Lever hurtigere. Bliv st\u00f8rre.  <\/strong><\/h2><p>G\u00f8r levering til en strategisk indt\u00e6gtskilde &#8211; uden at \u00f8ge din arbejdsbyrde.<\/p>\t\t\t\t\t\t\t\t<\/div>\n\t\t\t\t<\/div>\n\t\t\t\t<div class=\"elementor-element elementor-element-6e90363b elementor-align-center elementor-mobile-align-center elementor-widget elementor-widget-button\" data-id=\"6e90363b\" data-element_type=\"widget\" data-e-type=\"widget\" data-widget_type=\"button.default\">\n\t\t\t\t<div class=\"elementor-widget-container\">\n\t\t\t\t\t\t\t\t\t<div class=\"elementor-button-wrapper\">\n\t\t\t\t\t<a class=\"elementor-button elementor-button-link elementor-size-sm\" href=\"https:\/\/rkeeper.us\/?page_id=256\">\n\t\t\t\t\t\t<span class=\"elementor-button-content-wrapper\">\n\t\t\t\t\t\t\t\t\t<span class=\"elementor-button-text\">Kontakt os<\/span>\n\t\t\t\t\t<\/span>\n\t\t\t\t\t<\/a>\n\t\t\t\t<\/div>\n\t\t\t\t\t\t\t\t<\/div>\n\t\t\t\t<\/div>\n\t\t\t\t\t<\/div>\n\t\t\t\t<\/div>\n\t\t\t\t<\/div>\n\t\t","protected":false},"excerpt":{"rendered":"<p>Integration af leverancer Kom i kontakt med verdens bedste leveringsplatforme &#8211; alt sammen p\u00e5 \u00e9t sted Hvorfor administrere fem tablets, n\u00e5r du kan n\u00f8jes med \u00e9t system?Vores leveringsintegrationer samler alle st\u00f8rre leveringsapps i en enkelt, problemfri gr\u00e6nseflade. Ordrer g\u00e5r direkte til din POS- eller k\u00f8kkensk\u00e6rm &#8211; ingen dobbeltindtastning, ingen forsinkelser, ingen stress. Glovo. Wolt. Uber [&hellip;]<\/p>\n","protected":false},"author":1,"featured_media":0,"parent":0,"menu_order":0,"comment_status":"closed","ping_status":"closed","template":"","meta":{"footnotes":""},"class_list":["post-2532","page","type-page","status-publish","hentry"],"_links":{"self":[{"href":"https:\/\/rkeeper.dk\/index.php?rest_route=\/wp\/v2\/pages\/2532","targetHints":{"allow":["GET"]}}],"collection":[{"href":"https:\/\/rkeeper.dk\/index.php?rest_route=\/wp\/v2\/pages"}],"about":[{"href":"https:\/\/rkeeper.dk\/index.php?rest_route=\/wp\/v2\/types\/page"}],"author":[{"embeddable":true,"href":"https:\/\/rkeeper.dk\/index.php?rest_route=\/wp\/v2\/users\/1"}],"replies":[{"embeddable":true,"href":"https:\/\/rkeeper.dk\/index.php?rest_route=%2Fwp%2Fv2%2Fcomments&post=2532"}],"version-history":[{"count":5,"href":"https:\/\/rkeeper.dk\/index.php?rest_route=\/wp\/v2\/pages\/2532\/revisions"}],"predecessor-version":[{"id":3600,"href":"https:\/\/rkeeper.dk\/index.php?rest_route=\/wp\/v2\/pages\/2532\/revisions\/3600"}],"wp:attachment":[{"href":"https:\/\/rkeeper.dk\/index.php?rest_route=%2Fwp%2Fv2%2Fmedia&parent=2532"}],"curies":[{"name":"wp","href":"https:\/\/api.w.org\/{rel}","templated":true}]}}