{"id":2502,"date":"2025-07-14T15:51:29","date_gmt":"2025-07-14T12:51:29","guid":{"rendered":"https:\/\/rkeeper.us\/?page_id=2502"},"modified":"2025-07-22T12:06:55","modified_gmt":"2025-07-22T09:06:55","slug":"online-bestilling","status":"publish","type":"page","link":"https:\/\/rkeeper.dk\/?page_id=2502","title":{"rendered":"Online-bestilling"},"content":{"rendered":"\t\t<div data-elementor-type=\"wp-page\" data-elementor-id=\"2502\" class=\"elementor elementor-2502 elementor-2220\" data-elementor-post-type=\"page\">\n\t\t\t\t<div class=\"elementor-element elementor-element-13b53120 e-flex e-con-boxed e-con e-parent\" data-id=\"13b53120\" data-element_type=\"container\" data-e-type=\"container\">\n\t\t\t\t\t<div class=\"e-con-inner\">\n\t\t\t\t<div class=\"elementor-element elementor-element-664f7414 elementor-widget elementor-widget-heading\" data-id=\"664f7414\" data-element_type=\"widget\" data-e-type=\"widget\" data-widget_type=\"heading.default\">\n\t\t\t\t<div class=\"elementor-widget-container\">\n\t\t\t\t\t<h3 class=\"elementor-heading-title elementor-size-default\">Online-bestilling<\/h3>\t\t\t\t<\/div>\n\t\t\t\t<\/div>\n\t\t\t\t<div class=\"elementor-element elementor-element-63e33bf0 elementor-widget elementor-widget-text-editor\" data-id=\"63e33bf0\" data-element_type=\"widget\" data-e-type=\"widget\" data-widget_type=\"text-editor.default\">\n\t\t\t\t<div class=\"elementor-widget-container\">\n\t\t\t\t\t\t\t\t\t<h2 id=\"Online-Ordering:-Your-Restaurant-Always-Open-1\"><strong>Online-bestilling: Din restaurant, altid \u00e5ben<\/strong><\/h2><h3 id=\"Turn-Clicks-Into-Orders.-Anytime-Anywhere.-2\">G\u00f8r klik til ordrer. N\u00e5r som helst, hvor som helst. <\/h3><p>Lad dine kunder bestille fra din restaurant med nogle f\u00e5 tryk &#8211; p\u00e5 en hvilken som helst enhed.<br>Vores <strong>online bestillingsl\u00f8sning<\/strong> forbinder din menu med den digitale verden: din hjemmeside, mobilapp eller QR-kode. Ingen mellemm\u00e6nd. Ingen nedsk\u00e6ringer i provisionen. Bare direkte salg, direkte til dit k\u00f8kken.   <\/p><p>Serv\u00e9r uden for dine v\u00e6gge. V\u00e6r der, hvor dine kunder er. <\/p><h3 id=\"Why-You'll-Love-It-2\"><strong>Hvorfor du vil elske det<\/strong><\/h3><p><img fetchpriority=\"high\" decoding=\"async\" class=\"alignleft\" src=\"https:\/\/img.perfectwiki.xyz\/insecure\/resize:fit:400\/aHR0cHM6Ly9zdG9yYWdlLmdvb2dsZWFwaXMuY29tL3BlcmZlY3Rfd2lraS9jMThmZTZmNy03MTRiLTQxMzItYmI1NC0zNTY0ODc3NWVkMGMvRXFoakF6MGFkRjlvQ3BVRXdIVFQvJUQwJUI4JUQwJUI3JUQwJUJFJUQwJUIxJUQxJTgwJUQwJUIwJUQwJUI2JUQwJUI1JUQwJUJEJUQwJUI4JUQwJUI1XzQyZTk5NjM0LWY0YzYtNGU3My05MDhlLTI4ODBiZTIwMGU4OS5wbmc.webp\" sizes=\"100vw\" srcset=\"https:\/\/img.perfectwiki.xyz\/insecure\/resize:fit:400\/aHR0cHM6Ly9zdG9yYWdlLmdvb2dsZWFwaXMuY29tL3BlcmZlY3Rfd2lraS9jMThmZTZmNy03MTRiLTQxMzItYmI1NC0zNTY0ODc3NWVkMGMvRXFoakF6MGFkRjlvQ3BVRXdIVFQvJUQwJUI4JUQwJUI3JUQwJUJFJUQwJUIxJUQxJTgwJUQwJUIwJUQwJUI2JUQwJUI1JUQwJUJEJUQwJUI4JUQwJUI1XzQyZTk5NjM0LWY0YzYtNGU3My05MDhlLTI4ODBiZTIwMGU4OS5wbmc.webp 400w, https:\/\/img.perfectwiki.xyz\/insecure\/resize:fit:800\/aHR0cHM6Ly9zdG9yYWdlLmdvb2dsZWFwaXMuY29tL3BlcmZlY3Rfd2lraS9jMThmZTZmNy03MTRiLTQxMzItYmI1NC0zNTY0ODc3NWVkMGMvRXFoakF6MGFkRjlvQ3BVRXdIVFQvJUQwJUI4JUQwJUI3JUQwJUJFJUQwJUIxJUQxJTgwJUQwJUIwJUQwJUI2JUQwJUI1JUQwJUJEJUQwJUI4JUQwJUI1XzQyZTk5NjM0LWY0YzYtNGU3My05MDhlLTI4ODBiZTIwMGU4OS5wbmc.webp 800w, https:\/\/img.perfectwiki.xyz\/insecure\/resize:fit:1200\/aHR0cHM6Ly9zdG9yYWdlLmdvb2dsZWFwaXMuY29tL3BlcmZlY3Rfd2lraS9jMThmZTZmNy03MTRiLTQxMzItYmI1NC0zNTY0ODc3NWVkMGMvRXFoakF6MGFkRjlvQ3BVRXdIVFQvJUQwJUI4JUQwJUI3JUQwJUJFJUQwJUIxJUQxJTgwJUQwJUIwJUQwJUI2JUQwJUI1JUQwJUJEJUQwJUI4JUQwJUI1XzQyZTk5NjM0LWY0YzYtNGU3My05MDhlLTI4ODBiZTIwMGU4OS5wbmc.webp 1200w, https:\/\/img.perfectwiki.xyz\/insecure\/aHR0cHM6Ly9zdG9yYWdlLmdvb2dsZWFwaXMuY29tL3BlcmZlY3Rfd2lraS9jMThmZTZmNy03MTRiLTQxMzItYmI1NC0zNTY0ODc3NWVkMGMvRXFoakF6MGFkRjlvQ3BVRXdIVFQvJUQwJUI4JUQwJUI3JUQwJUJFJUQwJUIxJUQxJTgwJUQwJUIwJUQwJUI2JUQwJUI1JUQwJUJEJUQwJUI4JUQwJUI1XzQyZTk5NjM0LWY0YzYtNGU3My05MDhlLTI4ODBiZTIwMGU4OS5wbmc.webp 1400w\" alt=\"l\u00f8sninger \/ 6 Online bestilling\" width=\"224\" height=\"336\"><\/p><p><strong>Let at bruge, let at bestille<\/strong><br>En smuk, branded menu designet til mobil og desktop. Ingen apps at downloade &#8211; bare tryk og bestil. <\/p><p><strong>Sikre betalinger, fleksible muligheder<\/strong><br>Tag imod kort, Apple\/Google Pay, eller lad dem betale ved afhentning. Alle transaktioner er sikre og hurtige. <\/p><p><strong>Afhentning, levering, spisning &#8211; alt er d\u00e6kket<\/strong><br>Lad g\u00e6sterne v\u00e6lge, hvordan de vil modtage deres mad: afhentning, spisning eller levering.<\/p><p><strong>Fuldt integreret<\/strong><br>Ordrer flyder direkte ind i dit POS eller k\u00f8kken &#8211; ingen ekstra sk\u00e6rme, ingen glemte billetter.<\/p><p><strong>Salgsindsigt og kundedata<\/strong><br>Spor, hvad folk bestiller, hvorn\u00e5r og hvor ofte. Brug det til at forbedre dine tilbud og m\u00e5lrette dem bedre. <\/p><h3 id=\"Key-Features-2\"><strong>Vigtige funktioner<\/strong><\/h3><ul><li>Tilpasningsbar digital menu med kategorier og modifikatorer<\/li><li>Tilf\u00f8j fotos, allergener, kombinationer &#8211; hvad end dine g\u00e6ster har brug for at beslutte<\/li><li>Del via link, QR-kode eller indlejring p\u00e5 din hjemmeside<\/li><li>Underst\u00f8tter kampagnekoder, loyalitet og mersalg<\/li><li>Opdateringer af menu og tilg\u00e6ngelighed i realtid<\/li><li><p>Flersproget support til internationale kunder<\/p><figure class=\"image image_resized\"><img decoding=\"async\" class=\"alignright\" src=\"https:\/\/img.perfectwiki.xyz\/insecure\/resize:fit:400\/aHR0cHM6Ly9zdG9yYWdlLmdvb2dsZWFwaXMuY29tL3BlcmZlY3Rfd2lraS9jMThmZTZmNy03MTRiLTQxMzItYmI1NC0zNTY0ODc3NWVkMGMvRXFoakF6MGFkRjlvQ3BVRXdIVFQvJUQwJUI4JUQwJUI3JUQwJUJFJUQwJUIxJUQxJTgwJUQwJUIwJUQwJUI2JUQwJUI1JUQwJUJEJUQwJUI4JUQwJUI1XzVkNzgwNjA4LTY0OTctNDNkYi1iMmViLTkzNDFkNzYyNzVjMS5wbmc.webp\" sizes=\"100vw\" srcset=\"https:\/\/img.perfectwiki.xyz\/insecure\/resize:fit:400\/aHR0cHM6Ly9zdG9yYWdlLmdvb2dsZWFwaXMuY29tL3BlcmZlY3Rfd2lraS9jMThmZTZmNy03MTRiLTQxMzItYmI1NC0zNTY0ODc3NWVkMGMvRXFoakF6MGFkRjlvQ3BVRXdIVFQvJUQwJUI4JUQwJUI3JUQwJUJFJUQwJUIxJUQxJTgwJUQwJUIwJUQwJUI2JUQwJUI1JUQwJUJEJUQwJUI4JUQwJUI1XzVkNzgwNjA4LTY0OTctNDNkYi1iMmViLTkzNDFkNzYyNzVjMS5wbmc.webp 400w, https:\/\/img.perfectwiki.xyz\/insecure\/resize:fit:800\/aHR0cHM6Ly9zdG9yYWdlLmdvb2dsZWFwaXMuY29tL3BlcmZlY3Rfd2lraS9jMThmZTZmNy03MTRiLTQxMzItYmI1NC0zNTY0ODc3NWVkMGMvRXFoakF6MGFkRjlvQ3BVRXdIVFQvJUQwJUI4JUQwJUI3JUQwJUJFJUQwJUIxJUQxJTgwJUQwJUIwJUQwJUI2JUQwJUI1JUQwJUJEJUQwJUI4JUQwJUI1XzVkNzgwNjA4LTY0OTctNDNkYi1iMmViLTkzNDFkNzYyNzVjMS5wbmc.webp 800w, https:\/\/img.perfectwiki.xyz\/insecure\/resize:fit:1200\/aHR0cHM6Ly9zdG9yYWdlLmdvb2dsZWFwaXMuY29tL3BlcmZlY3Rfd2lraS9jMThmZTZmNy03MTRiLTQxMzItYmI1NC0zNTY0ODc3NWVkMGMvRXFoakF6MGFkRjlvQ3BVRXdIVFQvJUQwJUI4JUQwJUI3JUQwJUJFJUQwJUIxJUQxJTgwJUQwJUIwJUQwJUI2JUQwJUI1JUQwJUJEJUQwJUI4JUQwJUI1XzVkNzgwNjA4LTY0OTctNDNkYi1iMmViLTkzNDFkNzYyNzVjMS5wbmc.webp 1200w, https:\/\/img.perfectwiki.xyz\/insecure\/aHR0cHM6Ly9zdG9yYWdlLmdvb2dsZWFwaXMuY29tL3BlcmZlY3Rfd2lraS9jMThmZTZmNy03MTRiLTQxMzItYmI1NC0zNTY0ODc3NWVkMGMvRXFoakF6MGFkRjlvQ3BVRXdIVFQvJUQwJUI4JUQwJUI3JUQwJUJFJUQwJUIxJUQxJTgwJUQwJUIwJUQwJUI2JUQwJUI1JUQwJUJEJUQwJUI4JUQwJUI1XzVkNzgwNjA4LTY0OTctNDNkYi1iMmViLTkzNDFkNzYyNzVjMS5wbmc.webp 1400w\" alt=\"l\u00f8sninger \/ 6 Online bestilling\" width=\"230\" height=\"347\"><\/figure><\/li><\/ul><h3 id=\"Who-Is-It-For-2\"><strong>Hvem er det til?<\/strong><\/h3><p><strong>Fastfood<\/strong> &#8211; Hurtig bestilling, f\u00e6rre k\u00f8er<br><strong>Takeaway og levering<\/strong> &#8211; Let kundeflow, bedre timing<br><strong>Caf\u00e9er og bagerier<\/strong> &#8211; Planl\u00e6g afhentning, undg\u00e5 k\u00f8er<br><strong>Restauranter<\/strong> &#8211;<strong>QR-bordbestilling<\/strong>, intet behov for personale  <\/p><h2 id=\"Own-the-Customer-Experience-1\"><strong>Ejer kundeoplevelsen<\/strong><\/h2><p>Lej ikke dit forhold ud til tredjepartsapps.<br>Med direkte onlinebestilling bevarer du kontrollen &#8211; og beholder 100 % af salget.<\/p>\t\t\t\t\t\t\t\t<\/div>\n\t\t\t\t<\/div>\n\t\t\t\t<div class=\"elementor-element elementor-element-419a0f07 elementor-align-center elementor-mobile-align-center elementor-widget elementor-widget-button\" data-id=\"419a0f07\" data-element_type=\"widget\" data-e-type=\"widget\" data-widget_type=\"button.default\">\n\t\t\t\t<div class=\"elementor-widget-container\">\n\t\t\t\t\t\t\t\t\t<div class=\"elementor-button-wrapper\">\n\t\t\t\t\t<a class=\"elementor-button elementor-button-link elementor-size-sm\" href=\"https:\/\/rkeeper.us\/?page_id=256\">\n\t\t\t\t\t\t<span class=\"elementor-button-content-wrapper\">\n\t\t\t\t\t\t\t\t\t<span class=\"elementor-button-text\">Kontakt os<\/span>\n\t\t\t\t\t<\/span>\n\t\t\t\t\t<\/a>\n\t\t\t\t<\/div>\n\t\t\t\t\t\t\t\t<\/div>\n\t\t\t\t<\/div>\n\t\t\t\t\t<\/div>\n\t\t\t\t<\/div>\n\t\t\t\t<\/div>\n\t\t","protected":false},"excerpt":{"rendered":"<p>Online-bestilling Online-bestilling: Din restaurant, altid \u00e5ben G\u00f8r klik til ordrer. N\u00e5r som helst, hvor som helst. Lad dine kunder bestille fra din restaurant med nogle f\u00e5 tryk &#8211; p\u00e5 en hvilken som helst enhed.Vores online bestillingsl\u00f8sning forbinder din menu med den digitale verden: din hjemmeside, mobilapp eller QR-kode. Ingen mellemm\u00e6nd. Ingen nedsk\u00e6ringer i provisionen. Bare [&hellip;]<\/p>\n","protected":false},"author":1,"featured_media":0,"parent":0,"menu_order":0,"comment_status":"closed","ping_status":"closed","template":"","meta":{"footnotes":""},"class_list":["post-2502","page","type-page","status-publish","hentry"],"_links":{"self":[{"href":"https:\/\/rkeeper.dk\/index.php?rest_route=\/wp\/v2\/pages\/2502","targetHints":{"allow":["GET"]}}],"collection":[{"href":"https:\/\/rkeeper.dk\/index.php?rest_route=\/wp\/v2\/pages"}],"about":[{"href":"https:\/\/rkeeper.dk\/index.php?rest_route=\/wp\/v2\/types\/page"}],"author":[{"embeddable":true,"href":"https:\/\/rkeeper.dk\/index.php?rest_route=\/wp\/v2\/users\/1"}],"replies":[{"embeddable":true,"href":"https:\/\/rkeeper.dk\/index.php?rest_route=%2Fwp%2Fv2%2Fcomments&post=2502"}],"version-history":[{"count":5,"href":"https:\/\/rkeeper.dk\/index.php?rest_route=\/wp\/v2\/pages\/2502\/revisions"}],"predecessor-version":[{"id":3694,"href":"https:\/\/rkeeper.dk\/index.php?rest_route=\/wp\/v2\/pages\/2502\/revisions\/3694"}],"wp:attachment":[{"href":"https:\/\/rkeeper.dk\/index.php?rest_route=%2Fwp%2Fv2%2Fmedia&parent=2502"}],"curies":[{"name":"wp","href":"https:\/\/api.w.org\/{rel}","templated":true}]}}