{"id":1837,"date":"2025-06-26T23:52:14","date_gmt":"2025-06-26T20:52:14","guid":{"rendered":"https:\/\/rkeeper.us\/?page_id=1837"},"modified":"2025-07-22T12:09:19","modified_gmt":"2025-07-22T09:09:19","slug":"selvbetjenings-kiosker","status":"publish","type":"page","link":"https:\/\/rkeeper.dk\/?page_id=1837","title":{"rendered":"Selvbetjenings-kiosker"},"content":{"rendered":"\t\t<div data-elementor-type=\"wp-page\" data-elementor-id=\"1837\" class=\"elementor elementor-1837 elementor-1787\" data-elementor-post-type=\"page\">\n\t\t\t\t<div class=\"elementor-element elementor-element-45a7e7ff e-flex e-con-boxed e-con e-parent\" data-id=\"45a7e7ff\" data-element_type=\"container\" data-e-type=\"container\">\n\t\t\t\t\t<div class=\"e-con-inner\">\n\t\t\t\t<div class=\"elementor-element elementor-element-7639dded elementor-widget elementor-widget-heading\" data-id=\"7639dded\" data-element_type=\"widget\" data-e-type=\"widget\" data-widget_type=\"heading.default\">\n\t\t\t\t<div class=\"elementor-widget-container\">\n\t\t\t\t\t<h3 class=\"elementor-heading-title elementor-size-default\">Selvbetjenings-kiosker<\/h3>\t\t\t\t<\/div>\n\t\t\t\t<\/div>\n\t\t\t\t<div class=\"elementor-element elementor-element-60686d3 elementor-widget elementor-widget-text-editor\" data-id=\"60686d3\" data-element_type=\"widget\" data-e-type=\"widget\" data-widget_type=\"text-editor.default\">\n\t\t\t\t<div class=\"elementor-widget-container\">\n\t\t\t\t\t\t\t\t\t<h2 id=\"Empower-your-fast-food-experience-with-r_keeper-kiosks-1\"><strong>Styrk din fastfood-oplevelse med r_keeper-kiosker<\/strong><\/h2><figure class=\"image image-style-align-left image_resized\"><img fetchpriority=\"high\" decoding=\"async\" class=\"alignright\" src=\"https:\/\/img.perfectwiki.xyz\/insecure\/resize:fit:400\/aHR0cHM6Ly9zdG9yYWdlLmdvb2dsZWFwaXMuY29tL3BlcmZlY3Rfd2lraS9jMThmZTZmNy03MTRiLTQxMzItYmI1NC0zNTY0ODc3NWVkMGMvY1NJdzZ0a3l0OFU2UTIxZUlGQk4vJUQwJUI4JUQwJUI3JUQwJUJFJUQwJUIxJUQxJTgwJUQwJUIwJUQwJUI2JUQwJUI1JUQwJUJEJUQwJUI4JUQwJUI1X2Q2NTk2NWQzLTFkNDUtNDYyOC05ZTkxLWJlOGUxYzc1ODBhMy5wbmc.webp\" sizes=\"100vw\" srcset=\"https:\/\/img.perfectwiki.xyz\/insecure\/resize:fit:400\/aHR0cHM6Ly9zdG9yYWdlLmdvb2dsZWFwaXMuY29tL3BlcmZlY3Rfd2lraS9jMThmZTZmNy03MTRiLTQxMzItYmI1NC0zNTY0ODc3NWVkMGMvY1NJdzZ0a3l0OFU2UTIxZUlGQk4vJUQwJUI4JUQwJUI3JUQwJUJFJUQwJUIxJUQxJTgwJUQwJUIwJUQwJUI2JUQwJUI1JUQwJUJEJUQwJUI4JUQwJUI1X2Q2NTk2NWQzLTFkNDUtNDYyOC05ZTkxLWJlOGUxYzc1ODBhMy5wbmc.webp 400w, https:\/\/img.perfectwiki.xyz\/insecure\/resize:fit:800\/aHR0cHM6Ly9zdG9yYWdlLmdvb2dsZWFwaXMuY29tL3BlcmZlY3Rfd2lraS9jMThmZTZmNy03MTRiLTQxMzItYmI1NC0zNTY0ODc3NWVkMGMvY1NJdzZ0a3l0OFU2UTIxZUlGQk4vJUQwJUI4JUQwJUI3JUQwJUJFJUQwJUIxJUQxJTgwJUQwJUIwJUQwJUI2JUQwJUI1JUQwJUJEJUQwJUI4JUQwJUI1X2Q2NTk2NWQzLTFkNDUtNDYyOC05ZTkxLWJlOGUxYzc1ODBhMy5wbmc.webp 800w, https:\/\/img.perfectwiki.xyz\/insecure\/resize:fit:1200\/aHR0cHM6Ly9zdG9yYWdlLmdvb2dsZWFwaXMuY29tL3BlcmZlY3Rfd2lraS9jMThmZTZmNy03MTRiLTQxMzItYmI1NC0zNTY0ODc3NWVkMGMvY1NJdzZ0a3l0OFU2UTIxZUlGQk4vJUQwJUI4JUQwJUI3JUQwJUJFJUQwJUIxJUQxJTgwJUQwJUIwJUQwJUI2JUQwJUI1JUQwJUJEJUQwJUI4JUQwJUI1X2Q2NTk2NWQzLTFkNDUtNDYyOC05ZTkxLWJlOGUxYzc1ODBhMy5wbmc.webp 1200w, https:\/\/img.perfectwiki.xyz\/insecure\/aHR0cHM6Ly9zdG9yYWdlLmdvb2dsZWFwaXMuY29tL3BlcmZlY3Rfd2lraS9jMThmZTZmNy03MTRiLTQxMzItYmI1NC0zNTY0ODc3NWVkMGMvY1NJdzZ0a3l0OFU2UTIxZUlGQk4vJUQwJUI4JUQwJUI3JUQwJUJFJUQwJUIxJUQxJTgwJUQwJUIwJUQwJUI2JUQwJUI1JUQwJUJEJUQwJUI4JUQwJUI1X2Q2NTk2NWQzLTFkNDUtNDYyOC05ZTkxLWJlOGUxYzc1ODBhMy5wbmc.webp 1400w\" alt=\"produkter \/ 1 Selvbetjeningskiosker \u2705  \" width=\"428\" height=\"426\"><\/figure><h3 id=\"Quick.-Efficient.-User-Friendly.-2\"><strong>Hurtig. Effektiv. Brugervenlig.  <\/strong><\/h3><p>Vores kiosker er hurtige, effektive og utroligt brugervenlige og giver dine kunder mulighed for at afgive ordrer, n\u00e5r det passer dem, hvilket reducerer ventetiden og \u00f8ger tilfredsheden. Dyk ned i fremtidens spisesteder, hvor teknologi m\u00f8der smag. L\u00f8ft din restaurants effektivitet, og se din virksomhed vokse med <strong>r_keeper<\/strong>. Kontakt os i dag for at forvandle din service!   <\/p><ul><li>\u00bbReducer ventetider\u00ab<\/li><li>\u00bb\u00d8g kundetilfredsheden\u00ab<\/li><li>\u00bbFor\u00f8g ordren\u00f8jagtigheden\u00ab<\/li><li>\u00bbBoost salget med mersalg og krydssalg\u00ab<\/li><\/ul><h2 id=\"How-R-Keeper-Kiosks-Work-1\"><strong>S\u00e5dan fungerer r-keeper-kiosker<\/strong><\/h2><ul><li>\u00bbNem ops\u00e6tning\u00ab<\/li><li>\u00bbProblemfri bestilling\u00ab<\/li><li>\u00bb\u00d8jeblikkelig betalingsbehandling\u00ab<\/li><li>\u00bbHurtig ordreekspedition\u00ab<\/li><\/ul><h2><strong>Fordele ved R-keeper-kiosker<\/strong><\/h2><p><strong style=\"letter-spacing: 0px; word-spacing: 0em; background-color: transparent;\">&#8220;Str\u00f8mlin dine operationer&#8221; <\/strong><span style=\"letter-spacing: 0px; word-spacing: 0em; background-color: transparent;\">handler om at revolutionere den m\u00e5de, hvorp\u00e5 fastfood-restauranter h\u00e5ndterer deres daglige arbejdsgange og kundeinteraktioner. <\/span><span style=\"letter-spacing: 0px; word-spacing: 0em; background-color: transparent;\">Denne tilgang udnytter avanceret teknologi til at g\u00f8re din restaurant mere effektiv og reducere den tid og indsats, der bruges p\u00e5 rutineopgaver.<\/span><\/p><p><strong style=\"background-color: transparent; letter-spacing: 0px; word-spacing: 0em;\">Hurtigere bestillingsproces:<\/strong><span style=\"background-color: transparent; letter-spacing: 0px; word-spacing: 0em;\"> Kunderne kan hurtigt afgive deres bestillinger via intuitive touchscreen-gr\u00e6nseflader, hvilket reducerer k\u00f8tiden og minimerer presset p\u00e5 dit personale i spidsbelastningsperioder.<\/span><\/p><p><strong style=\"background-color: transparent; letter-spacing: 0px; word-spacing: 0em;\">Forbedret bestillingsn\u00f8jagtighed:<\/strong><span style=\"background-color: transparent; letter-spacing: 0px; word-spacing: 0em;\">  Med selvbetjeningskiosker har kunderne mulighed for at tilpasse deres bestillinger, pr\u00e6cis som de vil have dem, hvilket reducerer risikoen for fejl, der kan opst\u00e5 med traditionelle bestillingsmetoder. Denne n\u00f8jagtighed sikrer, at kunderne f\u00e5r pr\u00e6cis det, de har bestilt, hvilket \u00f8ger tilfredsheden og reducerer spild. <\/span><\/p><p><strong style=\"background-color: transparent; letter-spacing: 0px; word-spacing: 0em;\">Effektiv fordeling af personale:<\/strong><span style=\"background-color: transparent; letter-spacing: 0px; word-spacing: 0em;\">  Ved at automatisere bestillingsprocessen kan dit personale fokusere p\u00e5 andre vigtige omr\u00e5der som tilberedning af maden og kundeservice. Denne optimerede allokering af menneskelige ressourcer sikrer, at din drift k\u00f8rer problemfrit, hvilket forbedrer din restaurants samlede effektivitet. <\/span><\/p><p><img decoding=\"async\" class=\"alignleft\" style=\"margin: 8px 8px 0px;\" src=\"https:\/\/img.perfectwiki.xyz\/insecure\/resize:fit:400\/aHR0cHM6Ly9zdG9yYWdlLmdvb2dsZWFwaXMuY29tL3BlcmZlY3Rfd2lraS9jMThmZTZmNy03MTRiLTQxMzItYmI1NC0zNTY0ODc3NWVkMGMvY1NJdzZ0a3l0OFU2UTIxZUlGQk4vJUQwJUI4JUQwJUI3JUQwJUJFJUQwJUIxJUQxJTgwJUQwJUIwJUQwJUI2JUQwJUI1JUQwJUJEJUQwJUI4JUQwJUI1XzI4MzhjZjMwLTdiYTAtNDI4OC04NWE5LWUyYTNjZjM0M2EzMi5wbmc.webp\" sizes=\"100vw\" srcset=\"https:\/\/img.perfectwiki.xyz\/insecure\/resize:fit:400\/aHR0cHM6Ly9zdG9yYWdlLmdvb2dsZWFwaXMuY29tL3BlcmZlY3Rfd2lraS9jMThmZTZmNy03MTRiLTQxMzItYmI1NC0zNTY0ODc3NWVkMGMvY1NJdzZ0a3l0OFU2UTIxZUlGQk4vJUQwJUI4JUQwJUI3JUQwJUJFJUQwJUIxJUQxJTgwJUQwJUIwJUQwJUI2JUQwJUI1JUQwJUJEJUQwJUI4JUQwJUI1XzI4MzhjZjMwLTdiYTAtNDI4OC04NWE5LWUyYTNjZjM0M2EzMi5wbmc.webp 400w, https:\/\/img.perfectwiki.xyz\/insecure\/resize:fit:800\/aHR0cHM6Ly9zdG9yYWdlLmdvb2dsZWFwaXMuY29tL3BlcmZlY3Rfd2lraS9jMThmZTZmNy03MTRiLTQxMzItYmI1NC0zNTY0ODc3NWVkMGMvY1NJdzZ0a3l0OFU2UTIxZUlGQk4vJUQwJUI4JUQwJUI3JUQwJUJFJUQwJUIxJUQxJTgwJUQwJUIwJUQwJUI2JUQwJUI1JUQwJUJEJUQwJUI4JUQwJUI1XzI4MzhjZjMwLTdiYTAtNDI4OC04NWE5LWUyYTNjZjM0M2EzMi5wbmc.webp 800w, https:\/\/img.perfectwiki.xyz\/insecure\/resize:fit:1200\/aHR0cHM6Ly9zdG9yYWdlLmdvb2dsZWFwaXMuY29tL3BlcmZlY3Rfd2lraS9jMThmZTZmNy03MTRiLTQxMzItYmI1NC0zNTY0ODc3NWVkMGMvY1NJdzZ0a3l0OFU2UTIxZUlGQk4vJUQwJUI4JUQwJUI3JUQwJUJFJUQwJUIxJUQxJTgwJUQwJUIwJUQwJUI2JUQwJUI1JUQwJUJEJUQwJUI4JUQwJUI1XzI4MzhjZjMwLTdiYTAtNDI4OC04NWE5LWUyYTNjZjM0M2EzMi5wbmc.webp 1200w, https:\/\/img.perfectwiki.xyz\/insecure\/aHR0cHM6Ly9zdG9yYWdlLmdvb2dsZWFwaXMuY29tL3BlcmZlY3Rfd2lraS9jMThmZTZmNy03MTRiLTQxMzItYmI1NC0zNTY0ODc3NWVkMGMvY1NJdzZ0a3l0OFU2UTIxZUlGQk4vJUQwJUI4JUQwJUI3JUQwJUJFJUQwJUIxJUQxJTgwJUQwJUIwJUQwJUI2JUQwJUI1JUQwJUJEJUQwJUI4JUQwJUI1XzI4MzhjZjMwLTdiYTAtNDI4OC04NWE5LWUyYTNjZjM0M2EzMi5wbmc.webp 1400w\" alt=\"produkter \/ 1 Selvbetjeningskiosker \u2705  \" width=\"485\" height=\"324\"><\/p><p><strong style=\"background-color: transparent; letter-spacing: 0px; word-spacing: 0em;\">Datadrevne indsigter:<\/strong><span style=\"background-color: transparent; letter-spacing: 0px; word-spacing: 0em;\">  R-Keeper-kiosker indsamler v\u00e6rdifulde data om kundernes pr\u00e6ferencer og bestillingsm\u00f8nstre. Disse oplysninger kan analyseres for at tr\u00e6ffe informerede beslutninger om menujusteringer, salgsfremmende strategier og bemanding i spidsbelastningsperioder, hvilket yderligere str\u00f8mliner driften og skr\u00e6ddersyr spiseoplevelsen til dine kunders smag. <\/span><\/p><p><strong style=\"background-color: transparent; letter-spacing: 0px; word-spacing: 0em;\">&#8220;Styrk dine kunder&#8221;  <\/strong><span style=\"background-color: transparent; letter-spacing: 0px; word-spacing: 0em;\">giver g\u00e6sterne kontrol over deres madoplevelse i din fastfood-restaurant. Disse kiosker tilbyder en intuitiv og interaktiv bestillingsproces, der giver kunderne mulighed for at gennemse menuen i deres eget tempo, tilpasse deres bestillinger til deres n\u00f8jagtige pr\u00e6ferencer og endda udforske nye varer eller kampagner. Denne selvstyrende tilgang \u00f8ger ikke kun kundetilfredsheden ved at give dem valgmuligheder og fleksibilitet, men engagerer dem ogs\u00e5 i en moderne, teknologisk spiseoplevelse. At give dine kunder indflydelse p\u00e5 denne m\u00e5de kan f\u00f8re til \u00f8get ordrev\u00e6rdi gennem mersalgsmuligheder og en mere personlig service, hvilket bidrager til kundeloyalitet og gentagne forretninger.   <\/span><\/p><p><strong style=\"background-color: transparent; letter-spacing: 0px; word-spacing: 0em;\">&#8220;Forbedr din bundlinje&#8221;  <\/strong><span style=\"background-color: transparent; letter-spacing: 0px; word-spacing: 0em;\">at udnytte teknologien til direkte at p\u00e5virke din fastfood-restaurants rentabilitet. Se her, hvordan integration af disse kiosker kan skabe v\u00e6kst i oms\u00e6tningen: <\/span><\/p><p><strong style=\"background-color: transparent; letter-spacing: 0px; word-spacing: 0em;\">Mersalg og krydssalg:<\/strong><span style=\"background-color: transparent; letter-spacing: 0px; word-spacing: 0em;\">  Kiosker kan automatisk foresl\u00e5 tilf\u00f8jelser eller opgraderinger p\u00e5 bestillingstidspunktet og opfordre kunderne til at foretage yderligere k\u00f8b. For eksempel ved at foresl\u00e5 en drink til en burger eller tilbyde tilbeh\u00f8r til en nedsat pris, n\u00e5r det k\u00f8bes sammen med et hovedm\u00e5ltid. Det \u00f8ger ikke kun den gennemsnitlige ordrev\u00e6rdi, men g\u00f8r det ogs\u00e5 uden at virke p\u00e5tr\u00e6ngende som et menneskeligt mersalg.  <\/span><\/p><p><strong style=\"background-color: transparent; letter-spacing: 0px; word-spacing: 0em;\">Reducerede arbejdsomkostninger:<\/strong><span style=\"background-color: transparent; letter-spacing: 0px; word-spacing: 0em;\">  Ved at automatisere bestillingsprocessen kan du omfordele personalet til mere kritiske omr\u00e5der af driften eller reducere antallet af medarbejdere, der kr\u00e6ves i mindre travle perioder. Denne optimering kan f\u00f8re til betydelige besparelser p\u00e5 l\u00f8nomkostningerne, som er en af de st\u00f8rste udgifter i restaurationsbranchen. <\/span><\/p><p><strong>\u00d8get gennemstr\u00f8mning:<\/strong> Selvbetjeningskiosker kan h\u00e5ndtere flere ordrer p\u00e5 samme tid og fungere kontinuerligt, hvilket f\u00f8rer til en h\u00f8jere gennemstr\u00f8mning af kunder, is\u00e6r i spidsbelastningsperioder. Denne effektivitet betyder, at flere salg kan behandles p\u00e5 kortere tid, hvilket direkte \u00f8ger indt\u00e6gtspotentialet. <\/p>\t\t\t\t\t\t\t\t<\/div>\n\t\t\t\t<\/div>\n\t\t\t\t<div class=\"elementor-element elementor-element-4800aad5 elementor-align-center elementor-mobile-align-center elementor-widget elementor-widget-button\" data-id=\"4800aad5\" data-element_type=\"widget\" data-e-type=\"widget\" data-widget_type=\"button.default\">\n\t\t\t\t<div class=\"elementor-widget-container\">\n\t\t\t\t\t\t\t\t\t<div class=\"elementor-button-wrapper\">\n\t\t\t\t\t<a class=\"elementor-button elementor-button-link elementor-size-sm\" href=\"http:\/\/rkeeper.dk\/?page_id=256\">\n\t\t\t\t\t\t<span class=\"elementor-button-content-wrapper\">\n\t\t\t\t\t\t\t\t\t<span class=\"elementor-button-text\">Kontakt os<\/span>\n\t\t\t\t\t<\/span>\n\t\t\t\t\t<\/a>\n\t\t\t\t<\/div>\n\t\t\t\t\t\t\t\t<\/div>\n\t\t\t\t<\/div>\n\t\t\t\t\t<\/div>\n\t\t\t\t<\/div>\n\t\t\t\t<\/div>\n\t\t","protected":false},"excerpt":{"rendered":"<p>Selvbetjenings-kiosker Styrk din fastfood-oplevelse med r_keeper-kiosker Hurtig. Effektiv. Brugervenlig. Vores kiosker er hurtige, effektive og utroligt brugervenlige og giver dine kunder mulighed for at afgive ordrer, n\u00e5r det passer dem, hvilket reducerer ventetiden og \u00f8ger tilfredsheden. Dyk ned i fremtidens spisesteder, hvor teknologi m\u00f8der smag. L\u00f8ft din restaurants effektivitet, og se din virksomhed vokse med [&hellip;]<\/p>\n","protected":false},"author":1,"featured_media":0,"parent":0,"menu_order":0,"comment_status":"closed","ping_status":"closed","template":"elementor_header_footer","meta":{"footnotes":""},"class_list":["post-1837","page","type-page","status-publish","hentry"],"_links":{"self":[{"href":"https:\/\/rkeeper.dk\/index.php?rest_route=\/wp\/v2\/pages\/1837","targetHints":{"allow":["GET"]}}],"collection":[{"href":"https:\/\/rkeeper.dk\/index.php?rest_route=\/wp\/v2\/pages"}],"about":[{"href":"https:\/\/rkeeper.dk\/index.php?rest_route=\/wp\/v2\/types\/page"}],"author":[{"embeddable":true,"href":"https:\/\/rkeeper.dk\/index.php?rest_route=\/wp\/v2\/users\/1"}],"replies":[{"embeddable":true,"href":"https:\/\/rkeeper.dk\/index.php?rest_route=%2Fwp%2Fv2%2Fcomments&post=1837"}],"version-history":[{"count":6,"href":"https:\/\/rkeeper.dk\/index.php?rest_route=\/wp\/v2\/pages\/1837\/revisions"}],"predecessor-version":[{"id":3708,"href":"https:\/\/rkeeper.dk\/index.php?rest_route=\/wp\/v2\/pages\/1837\/revisions\/3708"}],"wp:attachment":[{"href":"https:\/\/rkeeper.dk\/index.php?rest_route=%2Fwp%2Fv2%2Fmedia&parent=1837"}],"curies":[{"name":"wp","href":"https:\/\/api.w.org\/{rel}","templated":true}]}}